{"id":1126,"date":"2026-03-24T11:05:51","date_gmt":"2026-03-24T11:05:51","guid":{"rendered":"https:\/\/www.elvismyhappiness.com\/wp\/?page_id=1126"},"modified":"2026-04-17T12:22:46","modified_gmt":"2026-04-17T12:22:46","slug":"contactez-nous","status":"publish","type":"page","link":"https:\/\/www.elvismyhappiness.com\/wp\/?page_id=1126","title":{"rendered":"Contactez-nous"},"content":{"rendered":"\n<div class=\"wp-block-superb-addons-cover-image\"><div class=\"superbaddons-coverimage-block\" style=\"border-radius:0%;min-height:400px;background-image:url(https:\/\/www.elvismyhappiness.com\/wp\/wp-content\/uploads\/2026\/03\/u9311994448_Pattern_of_many_small_Elvis_Presley_figures_each__480e7d85-f99d-41a2-96b4-400c0844f175_3.png);background-position:50% 50%;background-size:cover;background-repeat:no-repeat\"><\/div><\/div>\n\n\n\n<p><strong>Nous sommes l\u00e0 pour vous aider !<\/strong><br><br>Que vous ayez des questions sur l\u2019adh\u00e9sion, des demandes g\u00e9n\u00e9rales ou besoin d\u2019assistance, n\u2019h\u00e9sitez pas \u00e0 nous contacter. Notre \u00e9quipe est d\u00e9di\u00e9e \u00e0 vous offrir la meilleure exp\u00e9rience possible en tant que membre du fan club officiel d\u2019Elvis Presley en France.<\/p>\n\n\n\n<p>Vous avez h\u00e9rit\u00e9 d&rsquo;une collection d&rsquo;une personne abonn\u00e9e \u00e0 Elvis My Happiness et vous avez moult Items Elvis, que vous voudriez vendre, donner, \u00e9changer ?&nbsp;<\/p>\n\n\n\n<p>Contactez : <a href=\"mailto:elvismh@aol.com\">elvismh@aol.com<\/a>\u00a0<\/p>\n\n\n\n<p>o\u00f9 <a href=\"mailto:contact@elvismyhappiness.com\">contact@elvismyhappiness.com<\/a><\/p>\n\n\n\n<p><\/p>\n","protected":false},"excerpt":{"rendered":"<p>Nous sommes l\u00e0 pour vous aider ! Que vous ayez des questions sur l\u2019adh\u00e9sion, des demandes g\u00e9n\u00e9rales ou besoin d\u2019assistance, n\u2019h\u00e9sitez pas \u00e0 nous contacter. Notre \u00e9quipe est d\u00e9di\u00e9e \u00e0 vous offrir la meilleure exp\u00e9rience possible en tant que membre du fan club officiel d\u2019Elvis Presley en France. Vous avez h\u00e9rit\u00e9 d&rsquo;une collection d&rsquo;une personne [&hellip;]<\/p>\n","protected":false},"author":1,"featured_media":0,"parent":0,"menu_order":0,"comment_status":"closed","ping_status":"closed","template":"","meta":{"_bbp_topic_count":0,"_bbp_reply_count":0,"_bbp_total_topic_count":0,"_bbp_total_reply_count":0,"_bbp_voice_count":0,"_bbp_anonymous_reply_count":0,"_bbp_topic_count_hidden":0,"_bbp_reply_count_hidden":0,"_bbp_forum_subforum_count":0,"footnotes":""},"class_list":["post-1126","page","type-page","status-publish","hentry"],"_links":{"self":[{"href":"https:\/\/www.elvismyhappiness.com\/wp\/index.php?rest_route=\/wp\/v2\/pages\/1126","targetHints":{"allow":["GET"]}}],"collection":[{"href":"https:\/\/www.elvismyhappiness.com\/wp\/index.php?rest_route=\/wp\/v2\/pages"}],"about":[{"href":"https:\/\/www.elvismyhappiness.com\/wp\/index.php?rest_route=\/wp\/v2\/types\/page"}],"author":[{"embeddable":true,"href":"https:\/\/www.elvismyhappiness.com\/wp\/index.php?rest_route=\/wp\/v2\/users\/1"}],"replies":[{"embeddable":true,"href":"https:\/\/www.elvismyhappiness.com\/wp\/index.php?rest_route=%2Fwp%2Fv2%2Fcomments&post=1126"}],"version-history":[{"count":5,"href":"https:\/\/www.elvismyhappiness.com\/wp\/index.php?rest_route=\/wp\/v2\/pages\/1126\/revisions"}],"predecessor-version":[{"id":2413,"href":"https:\/\/www.elvismyhappiness.com\/wp\/index.php?rest_route=\/wp\/v2\/pages\/1126\/revisions\/2413"}],"wp:attachment":[{"href":"https:\/\/www.elvismyhappiness.com\/wp\/index.php?rest_route=%2Fwp%2Fv2%2Fmedia&parent=1126"}],"curies":[{"name":"wp","href":"https:\/\/api.w.org\/{rel}","templated":true}]}}