{"id":1915,"date":"2026-03-30T10:07:24","date_gmt":"2026-03-30T10:07:24","guid":{"rendered":"https:\/\/www.elvismyhappiness.com\/wp\/?page_id=1915"},"modified":"2026-04-17T08:24:51","modified_gmt":"2026-04-17T08:24:51","slug":"follow-that-dream-records-ftd","status":"publish","type":"page","link":"https:\/\/www.elvismyhappiness.com\/wp\/?page_id=1915","title":{"rendered":"Follow That Dream Records (FTD)"},"content":{"rendered":"\n<p>Follow That Dream Records (FTD) est le label officiel d\u2019Elvis Presley d\u00e9di\u00e9 aux collectionneurs et fans passionn\u00e9s. Cr\u00e9\u00e9 pour publier des albums rares, des versions alternatives, des lives et des box sets, FTD propose des \u00e9ditions limit\u00e9es de haute qualit\u00e9 pour pr\u00e9server et c\u00e9l\u00e9brer l\u2019h\u00e9ritage musical du King of Rock and Roll.<\/p>\n\n\n\n<figure class=\"wp-block-image aligncenter size-full\"><img loading=\"lazy\" decoding=\"async\" width=\"450\" height=\"100\" src=\"https:\/\/www.elvismyhappiness.com\/wp\/wp-content\/uploads\/2026\/03\/follow-that-dreams.jpeg\" alt=\"\" class=\"wp-image-1916\" srcset=\"https:\/\/www.elvismyhappiness.com\/wp\/wp-content\/uploads\/2026\/03\/follow-that-dreams.jpeg 450w, https:\/\/www.elvismyhappiness.com\/wp\/wp-content\/uploads\/2026\/03\/follow-that-dreams-300x67.jpeg 300w\" sizes=\"auto, (max-width: 450px) 100vw, 450px\" \/><\/figure>\n\n\n\n<h3 class=\"wp-block-heading\">Historique du label<\/h3>\n\n\n\n<p>Follow That Dream Records, souvent abr\u00e9g\u00e9 <strong>FTD<\/strong>, est le label officiel d\u2019Elvis Presley destin\u00e9 aux collectionneurs et aux fans les plus passionn\u00e9s. Cr\u00e9\u00e9 \u00e0 la fin des ann\u00e9es 1990 par <strong>RCA \/ BMG<\/strong>, son objectif principal \u00e9tait de publier des e<strong>nregistrements rares, des lives in\u00e9dits, des d\u00e9mos, des versions alternatives et des box sets th\u00e9matiques<\/strong> qui ne pouvaient pas trouver leur place dans le catalogue classique du King.<\/p>\n\n\n\n<p>Avant la cr\u00e9ation de FTD, de nombreux fans s\u2019int\u00e9ressaient aux <strong>prises alternatives et concerts in\u00e9dits<\/strong>, mais il n\u2019existait pas de canal officiel pour les publier. FTD a combl\u00e9 ce vide en proposant des <strong>\u00e9ditions officielles, limit\u00e9es et soigneusement produites<\/strong>, avec souvent des <strong>livrets d\u00e9taill\u00e9s, photos rares, notes historiques et anecdotes sur chaque enregistrement<\/strong>. Ces publications ont rapidement rencontr\u00e9 un grand succ\u00e8s parmi les collectionneurs et les fans du monde entier.<\/p>\n\n\n\n<p>Au fil des ann\u00e9es, FTD a <strong>diversifi\u00e9 ses publications<\/strong> :<\/p>\n\n\n\n<p>&#8211; <strong>Albums live <\/strong>: concerts complets, tourn\u00e9es l\u00e9gendaires \u00e0 travers les USA, shows de Las Vegas o\u00f9 \u00e0 Lake Tahoe.<\/p>\n\n\n\n<figure class=\"wp-block-gallery has-nested-images columns-default is-cropped wp-block-gallery-1 is-layout-flex wp-block-gallery-is-layout-flex\">\n<figure class=\"wp-block-image size-large\"><img loading=\"lazy\" decoding=\"async\" width=\"1024\" height=\"310\" data-id=\"1954\" src=\"https:\/\/www.elvismyhappiness.com\/wp\/wp-content\/uploads\/2026\/03\/Capture-decran-2026-03-30-a-17.19.02-1-1024x310.png\" alt=\"\" class=\"wp-image-1954\" srcset=\"https:\/\/www.elvismyhappiness.com\/wp\/wp-content\/uploads\/2026\/03\/Capture-decran-2026-03-30-a-17.19.02-1-1024x310.png 1024w, https:\/\/www.elvismyhappiness.com\/wp\/wp-content\/uploads\/2026\/03\/Capture-decran-2026-03-30-a-17.19.02-1-300x91.png 300w, https:\/\/www.elvismyhappiness.com\/wp\/wp-content\/uploads\/2026\/03\/Capture-decran-2026-03-30-a-17.19.02-1-768x232.png 768w, https:\/\/www.elvismyhappiness.com\/wp\/wp-content\/uploads\/2026\/03\/Capture-decran-2026-03-30-a-17.19.02-1.png 1164w\" sizes=\"auto, (max-width: 1024px) 100vw, 1024px\" \/><\/figure>\n\n\n\n<figure class=\"wp-block-image size-large\"><img loading=\"lazy\" decoding=\"async\" width=\"1024\" height=\"345\" data-id=\"1953\" src=\"https:\/\/www.elvismyhappiness.com\/wp\/wp-content\/uploads\/2026\/03\/Capture-decran-2026-03-30-a-17.19.59-1-1024x345.png\" alt=\"\" class=\"wp-image-1953\" srcset=\"https:\/\/www.elvismyhappiness.com\/wp\/wp-content\/uploads\/2026\/03\/Capture-decran-2026-03-30-a-17.19.59-1-1024x345.png 1024w, https:\/\/www.elvismyhappiness.com\/wp\/wp-content\/uploads\/2026\/03\/Capture-decran-2026-03-30-a-17.19.59-1-300x101.png 300w, https:\/\/www.elvismyhappiness.com\/wp\/wp-content\/uploads\/2026\/03\/Capture-decran-2026-03-30-a-17.19.59-1-768x259.png 768w, https:\/\/www.elvismyhappiness.com\/wp\/wp-content\/uploads\/2026\/03\/Capture-decran-2026-03-30-a-17.19.59-1.png 1194w\" sizes=\"auto, (max-width: 1024px) 100vw, 1024px\" \/><\/figure>\n<\/figure>\n\n\n\n<p><br>&#8211; <strong>Albums studio rares et outtakes : <\/strong>versions alternatives, enregistrements in\u00e9dits et sessions compl\u00e8tes.<\/p>\n\n\n\n<figure class=\"wp-block-gallery has-nested-images columns-default is-cropped wp-block-gallery-2 is-layout-flex wp-block-gallery-is-layout-flex\">\n<figure class=\"wp-block-image size-large\"><img loading=\"lazy\" decoding=\"async\" width=\"1024\" height=\"311\" data-id=\"1956\" src=\"https:\/\/www.elvismyhappiness.com\/wp\/wp-content\/uploads\/2026\/03\/Capture-decran-2026-03-30-a-17.22.08-1024x311.png\" alt=\"\" class=\"wp-image-1956\" srcset=\"https:\/\/www.elvismyhappiness.com\/wp\/wp-content\/uploads\/2026\/03\/Capture-decran-2026-03-30-a-17.22.08-1024x311.png 1024w, https:\/\/www.elvismyhappiness.com\/wp\/wp-content\/uploads\/2026\/03\/Capture-decran-2026-03-30-a-17.22.08-300x91.png 300w, https:\/\/www.elvismyhappiness.com\/wp\/wp-content\/uploads\/2026\/03\/Capture-decran-2026-03-30-a-17.22.08-768x233.png 768w, https:\/\/www.elvismyhappiness.com\/wp\/wp-content\/uploads\/2026\/03\/Capture-decran-2026-03-30-a-17.22.08.png 1158w\" sizes=\"auto, (max-width: 1024px) 100vw, 1024px\" \/><\/figure>\n\n\n\n<figure class=\"wp-block-image size-large\"><img loading=\"lazy\" decoding=\"async\" width=\"1024\" height=\"311\" data-id=\"1955\" src=\"https:\/\/www.elvismyhappiness.com\/wp\/wp-content\/uploads\/2026\/03\/Capture-decran-2026-03-30-a-17.21.51-1024x311.png\" alt=\"\" class=\"wp-image-1955\" srcset=\"https:\/\/www.elvismyhappiness.com\/wp\/wp-content\/uploads\/2026\/03\/Capture-decran-2026-03-30-a-17.21.51-1024x311.png 1024w, https:\/\/www.elvismyhappiness.com\/wp\/wp-content\/uploads\/2026\/03\/Capture-decran-2026-03-30-a-17.21.51-300x91.png 300w, https:\/\/www.elvismyhappiness.com\/wp\/wp-content\/uploads\/2026\/03\/Capture-decran-2026-03-30-a-17.21.51-768x233.png 768w, https:\/\/www.elvismyhappiness.com\/wp\/wp-content\/uploads\/2026\/03\/Capture-decran-2026-03-30-a-17.21.51.png 1158w\" sizes=\"auto, (max-width: 1024px) 100vw, 1024px\" \/><\/figure>\n<\/figure>\n\n\n\n<p><br>&#8211; <strong>Box sets th\u00e9matiques : <\/strong>regroupant plusieurs albums ou singles autour d\u2019un th\u00e8me, par d\u00e9cennie, par film ou par tourn\u00e9e.<\/p>\n\n\n\n<figure class=\"wp-block-gallery has-nested-images columns-default is-cropped wp-block-gallery-3 is-layout-flex wp-block-gallery-is-layout-flex\">\n<figure class=\"wp-block-image size-large\"><img loading=\"lazy\" decoding=\"async\" width=\"1024\" height=\"509\" data-id=\"1958\" src=\"https:\/\/www.elvismyhappiness.com\/wp\/wp-content\/uploads\/2026\/03\/Capture-decran-2026-03-30-a-17.23.11-1024x509.png\" alt=\"\" class=\"wp-image-1958\" srcset=\"https:\/\/www.elvismyhappiness.com\/wp\/wp-content\/uploads\/2026\/03\/Capture-decran-2026-03-30-a-17.23.11-1024x509.png 1024w, https:\/\/www.elvismyhappiness.com\/wp\/wp-content\/uploads\/2026\/03\/Capture-decran-2026-03-30-a-17.23.11-300x149.png 300w, https:\/\/www.elvismyhappiness.com\/wp\/wp-content\/uploads\/2026\/03\/Capture-decran-2026-03-30-a-17.23.11-768x381.png 768w, https:\/\/www.elvismyhappiness.com\/wp\/wp-content\/uploads\/2026\/03\/Capture-decran-2026-03-30-a-17.23.11.png 1490w\" sizes=\"auto, (max-width: 1024px) 100vw, 1024px\" \/><\/figure>\n\n\n\n<figure class=\"wp-block-image size-large\"><img loading=\"lazy\" decoding=\"async\" width=\"1024\" height=\"511\" data-id=\"1957\" src=\"https:\/\/www.elvismyhappiness.com\/wp\/wp-content\/uploads\/2026\/03\/Capture-decran-2026-03-30-a-17.24.08-1024x511.png\" alt=\"\" class=\"wp-image-1957\" srcset=\"https:\/\/www.elvismyhappiness.com\/wp\/wp-content\/uploads\/2026\/03\/Capture-decran-2026-03-30-a-17.24.08-1024x511.png 1024w, https:\/\/www.elvismyhappiness.com\/wp\/wp-content\/uploads\/2026\/03\/Capture-decran-2026-03-30-a-17.24.08-300x150.png 300w, https:\/\/www.elvismyhappiness.com\/wp\/wp-content\/uploads\/2026\/03\/Capture-decran-2026-03-30-a-17.24.08-768x383.png 768w, https:\/\/www.elvismyhappiness.com\/wp\/wp-content\/uploads\/2026\/03\/Capture-decran-2026-03-30-a-17.24.08.png 1484w\" sizes=\"auto, (max-width: 1024px) 100vw, 1024px\" \/><\/figure>\n<\/figure>\n\n\n\n<p><br>&#8211; <strong>R\u00e9\u00e9ditions de bandes originales de films : <\/strong>des albums complets avec des chansons souvent modifi\u00e9es ou coup\u00e9es dans les sorties commerciales.<\/p>\n\n\n\n<figure class=\"wp-block-gallery has-nested-images columns-default is-cropped wp-block-gallery-4 is-layout-flex wp-block-gallery-is-layout-flex\">\n<figure class=\"wp-block-image size-large\"><img loading=\"lazy\" decoding=\"async\" width=\"1024\" height=\"330\" data-id=\"1960\" src=\"https:\/\/www.elvismyhappiness.com\/wp\/wp-content\/uploads\/2026\/03\/Capture-decran-2026-03-30-a-17.27.32-1024x330.png\" alt=\"\" class=\"wp-image-1960\" srcset=\"https:\/\/www.elvismyhappiness.com\/wp\/wp-content\/uploads\/2026\/03\/Capture-decran-2026-03-30-a-17.27.32-1024x330.png 1024w, https:\/\/www.elvismyhappiness.com\/wp\/wp-content\/uploads\/2026\/03\/Capture-decran-2026-03-30-a-17.27.32-300x97.png 300w, https:\/\/www.elvismyhappiness.com\/wp\/wp-content\/uploads\/2026\/03\/Capture-decran-2026-03-30-a-17.27.32-768x247.png 768w, https:\/\/www.elvismyhappiness.com\/wp\/wp-content\/uploads\/2026\/03\/Capture-decran-2026-03-30-a-17.27.32.png 1248w\" sizes=\"auto, (max-width: 1024px) 100vw, 1024px\" \/><\/figure>\n\n\n\n<figure class=\"wp-block-image size-large\"><img loading=\"lazy\" decoding=\"async\" width=\"1024\" height=\"327\" data-id=\"1961\" src=\"https:\/\/www.elvismyhappiness.com\/wp\/wp-content\/uploads\/2026\/03\/Capture-decran-2026-03-30-a-17.29.40-1024x327.png\" alt=\"\" class=\"wp-image-1961\" srcset=\"https:\/\/www.elvismyhappiness.com\/wp\/wp-content\/uploads\/2026\/03\/Capture-decran-2026-03-30-a-17.29.40-1024x327.png 1024w, https:\/\/www.elvismyhappiness.com\/wp\/wp-content\/uploads\/2026\/03\/Capture-decran-2026-03-30-a-17.29.40-300x96.png 300w, https:\/\/www.elvismyhappiness.com\/wp\/wp-content\/uploads\/2026\/03\/Capture-decran-2026-03-30-a-17.29.40-768x245.png 768w, https:\/\/www.elvismyhappiness.com\/wp\/wp-content\/uploads\/2026\/03\/Capture-decran-2026-03-30-a-17.29.40.png 1258w\" sizes=\"auto, (max-width: 1024px) 100vw, 1024px\" \/><\/figure>\n<\/figure>\n\n\n\n<p>Un aspect unique de FTD est sa <strong>limitation d\u2019\u00e9dition<\/strong>. Chaque sortie est souvent produite en <strong>quantit\u00e9 limit\u00e9e<\/strong>, num\u00e9rot\u00e9e et destin\u00e9e aux collectionneurs, ce qui renforce sa valeur et son attrait pour les passionn\u00e9s. Le label met \u00e9galement un accent particulier sur la <strong>qualit\u00e9 sonore<\/strong>, en remast\u00e9risant chaque enregistrement pour offrir la meilleure exp\u00e9rience possible, fid\u00e8le \u00e0 l\u2019esprit d\u2019Elvis.<\/p>\n\n\n\n<p>Gr\u00e2ce \u00e0 cette approche, FTD est devenu <strong>le standard officiel pour les \u00e9ditions collector d\u2019Elvis Presley<\/strong>, garantissant aux fans une authenticit\u00e9 totale et un aper\u00e7u rare de la carri\u00e8re musicale du King. Plus qu\u2019un simple label, Follow That Dream permet de <strong>red\u00e9couvrir Elvis sous toutes ses facettes,<\/strong> que ce soit \u00e0 travers ses concerts les plus intimes, ses enregistrements studio oubli\u00e9s ou ses albums de films cultes.<\/p>\n\n\n\n<p>Aujourd\u2019hui, FTD continue de publier r\u00e9guli\u00e8rement de nouvelles \u00e9ditions, en pr\u00e9servant le patrimoine musical d\u2019Elvis et en offrant aux fans <strong>une connexion unique avec l\u2019histoire du King of Rock and Roll.<\/strong><\/p>\n\n\n\n<h2 class=\"wp-block-heading\">Les derni\u00e8res actualit\u00e9s li\u00e9es \u00e0 Follow That Dream Records (FTD)<\/h2>\n\n\n<ul style=\"font-size:12px; padding-top:0;padding-bottom:0;\" class=\"wp-block-latest-posts__list has-link-color wp-elements-66b2d9cd0d1cd0e71906918e26bbf225 wp-block-latest-posts has-text-color has-contrast-dark-color\"><li><div class=\"wp-block-latest-posts__featured-image alignleft\"><a href=\"https:\/\/www.elvismyhappiness.com\/wp\/?p=1566\" aria-label=\"Elvis : The Last Tour (FTD)\"><img loading=\"lazy\" decoding=\"async\" width=\"150\" height=\"150\" src=\"https:\/\/www.elvismyhappiness.com\/wp\/wp-content\/uploads\/2026\/03\/LastTour77-150x150.png\" class=\"attachment-thumbnail size-thumbnail wp-post-image\" alt=\"\" style=\"\" \/><\/a><\/div><a class=\"wp-block-latest-posts__post-title\" href=\"https:\/\/www.elvismyhappiness.com\/wp\/?p=1566\">Elvis : The Last Tour (FTD)<\/a><div class=\"wp-block-latest-posts__post-excerpt\">Commande ouverte ! ELVIS: THE LAST CONCERT (FTD) Il \u00e9tait temps&nbsp;!&nbsp;Alors, est-ce que&nbsp;My Happiness&nbsp;aurait donn\u00e9 des id\u00e9es \u00e0&nbsp;FTD, car voil\u00e0 qu\u2019apr\u00e8s que nous ayons joint le dernier concert d\u2019Elvis&nbsp;au&nbsp;Market Square Arena&nbsp;d&rsquo;Indianapolis&nbsp;du&nbsp;26 juin 1977&nbsp;avec notre dernier num\u00e9ro, tout en souhaitant une sortie officielle, le label se d\u00e9cide enfin \u00e0 le sortir. Cette \u00e9dition provient en fait\u2026 <a class=\"wp-block-latest-posts__read-more\" href=\"https:\/\/www.elvismyhappiness.com\/wp\/?p=1566\" rel=\"noopener noreferrer\">Lire la suite<span class=\"screen-reader-text\">\u00a0: Elvis : The Last Tour (FTD)<\/span><\/a><\/div><\/li>\n<li><div class=\"wp-block-latest-posts__featured-image alignleft\"><a href=\"https:\/\/www.elvismyhappiness.com\/wp\/?p=1563\" aria-label=\"CLAMBAKE (FTD)\"><img loading=\"lazy\" decoding=\"async\" width=\"150\" height=\"150\" src=\"https:\/\/www.elvismyhappiness.com\/wp\/wp-content\/uploads\/2026\/03\/Clambake-150x150.png\" class=\"attachment-thumbnail size-thumbnail wp-post-image\" alt=\"\" style=\"\" \/><\/a><\/div><a class=\"wp-block-latest-posts__post-title\" href=\"https:\/\/www.elvismyhappiness.com\/wp\/?p=1563\">CLAMBAKE (FTD)<\/a><div class=\"wp-block-latest-posts__post-excerpt\">FTD&nbsp;avait fait d\u00e9j\u00e0 para\u00eetre&nbsp;Clambake&nbsp;(8287676964.2)&nbsp;en CD, en 2006. Cette \u00e9dition sp\u00e9ciale vinyle, limit\u00e9e, et bas\u00e9e sur l\u2019\u00e9dition originale britannique avec le label&nbsp;RCA Victor&nbsp;\u00e0 point rouge. Elle comprend les masters originaux de la BO, des prises alternatives, des titres bonus dont quatre versions de&nbsp;Clambake\u2026 Quatre titres bonus&nbsp;:&nbsp;Guitar Man, Big Boss Man, Singing Tree&nbsp;et&nbsp;Just Call Me Lonesome,&nbsp;mis en\u2026 <a class=\"wp-block-latest-posts__read-more\" href=\"https:\/\/www.elvismyhappiness.com\/wp\/?p=1563\" rel=\"noopener noreferrer\">Lire la suite<span class=\"screen-reader-text\">\u00a0: CLAMBAKE (FTD)<\/span><\/a><\/div><\/li>\n<li><div class=\"wp-block-latest-posts__featured-image alignleft\"><a href=\"https:\/\/www.elvismyhappiness.com\/wp\/?p=523\" aria-label=\"THE MAKING OF G.I. BLUES (Follow That Dream)\"><img loading=\"lazy\" decoding=\"async\" width=\"150\" height=\"150\" src=\"https:\/\/www.elvismyhappiness.com\/wp\/wp-content\/uploads\/2025\/11\/GIBlues-150x150.png\" class=\"attachment-thumbnail size-thumbnail wp-post-image\" alt=\"\" style=\"\" \/><\/a><\/div><a class=\"wp-block-latest-posts__post-title\" href=\"https:\/\/www.elvismyhappiness.com\/wp\/?p=523\">THE MAKING OF G.I. BLUES (Follow That Dream)<\/a><div class=\"wp-block-latest-posts__post-excerpt\">Ce coffret Deluxe absolument remarquable, n\u00e9 de la collaboration de David English et P\u00e5l Granlund, vient comm\u00e9morer le 65\u00e8me anniversaire de G.I. Blues. Num\u00e9rot\u00e9 individuellement, il comprend deux livres et cinq CD. Le livre 1 &#8211; The Making Of G.I. Blues, de style \u00ab beau livre \u00bb, de luxe reli\u00e9, de 384 pages, propose de\u2026 <a class=\"wp-block-latest-posts__read-more\" href=\"https:\/\/www.elvismyhappiness.com\/wp\/?p=523\" rel=\"noopener noreferrer\">Lire la suite<span class=\"screen-reader-text\">\u00a0: THE MAKING OF G.I. BLUES (Follow That Dream)<\/span><\/a><\/div><\/li>\n<\/ul>","protected":false},"excerpt":{"rendered":"<p>Follow That Dream Records (FTD) est le label officiel d\u2019Elvis Presley d\u00e9di\u00e9 aux collectionneurs et fans passionn\u00e9s. Cr\u00e9\u00e9 pour publier des albums rares, des versions alternatives, des lives et des box sets, FTD propose des \u00e9ditions limit\u00e9es de haute qualit\u00e9 pour pr\u00e9server et c\u00e9l\u00e9brer l\u2019h\u00e9ritage musical du King of Rock and Roll. Historique du label [&hellip;]<\/p>\n","protected":false},"author":1,"featured_media":0,"parent":0,"menu_order":0,"comment_status":"open","ping_status":"closed","template":"","meta":{"_bbp_topic_count":0,"_bbp_reply_count":0,"_bbp_total_topic_count":0,"_bbp_total_reply_count":0,"_bbp_voice_count":0,"_bbp_anonymous_reply_count":0,"_bbp_topic_count_hidden":0,"_bbp_reply_count_hidden":0,"_bbp_forum_subforum_count":0,"footnotes":""},"class_list":["post-1915","page","type-page","status-publish","hentry"],"_links":{"self":[{"href":"https:\/\/www.elvismyhappiness.com\/wp\/index.php?rest_route=\/wp\/v2\/pages\/1915","targetHints":{"allow":["GET"]}}],"collection":[{"href":"https:\/\/www.elvismyhappiness.com\/wp\/index.php?rest_route=\/wp\/v2\/pages"}],"about":[{"href":"https:\/\/www.elvismyhappiness.com\/wp\/index.php?rest_route=\/wp\/v2\/types\/page"}],"author":[{"embeddable":true,"href":"https:\/\/www.elvismyhappiness.com\/wp\/index.php?rest_route=\/wp\/v2\/users\/1"}],"replies":[{"embeddable":true,"href":"https:\/\/www.elvismyhappiness.com\/wp\/index.php?rest_route=%2Fwp%2Fv2%2Fcomments&post=1915"}],"version-history":[{"count":6,"href":"https:\/\/www.elvismyhappiness.com\/wp\/index.php?rest_route=\/wp\/v2\/pages\/1915\/revisions"}],"predecessor-version":[{"id":2371,"href":"https:\/\/www.elvismyhappiness.com\/wp\/index.php?rest_route=\/wp\/v2\/pages\/1915\/revisions\/2371"}],"wp:attachment":[{"href":"https:\/\/www.elvismyhappiness.com\/wp\/index.php?rest_route=%2Fwp%2Fv2%2Fmedia&parent=1915"}],"curies":[{"name":"wp","href":"https:\/\/api.w.org\/{rel}","templated":true}]}}