{"id":2079,"date":"2026-04-01T12:39:26","date_gmt":"2026-04-01T12:39:26","guid":{"rendered":"https:\/\/www.elvismyhappiness.com\/wp\/?page_id=2079"},"modified":"2026-04-01T12:39:26","modified_gmt":"2026-04-01T12:39:26","slug":"nos-engagements","status":"publish","type":"page","link":"https:\/\/www.elvismyhappiness.com\/wp\/?page_id=2079","title":{"rendered":"Nos engagements"},"content":{"rendered":"<p>Pr\u00e8s de 130 produits en \u00e9dition limit\u00e9e pour fans et collectionneurs !<\/p>\n<p>\u00a0&#8211; Tous les produits du catalogue dans la revue sont de stock<br \/>\u00a0&#8211; Livraison directe sans interm\u00e9diaire<br \/>\u00a0&#8211; Exp\u00e9dition sous 48 h en colis suivi<br \/>\u00a0&#8211; Garantie meilleur prix<\/p>\n<p>Faites-vous plaisir sans contrainte. Nous n&rsquo;encaissons votre r\u00e8glement qu&rsquo;\u00e0 l&rsquo;exp\u00e9dition de votre commande. Vous pouvez payer votre commande en 3 fois (\u00e0 partir de 100 \u20ac) ou 5 fois (\u00e0 partir de 200 \u20ac) sans frais.<\/p>\n\n\n<figure class=\"wp-block-image size-large\"><img loading=\"lazy\" decoding=\"async\" width=\"1024\" height=\"463\" src=\"https:\/\/www.elvismyhappiness.com\/wp\/wp-content\/uploads\/2026\/03\/1774886840772blob-1024x463.jpg\" alt=\"\" class=\"wp-image-1963\" srcset=\"https:\/\/www.elvismyhappiness.com\/wp\/wp-content\/uploads\/2026\/03\/1774886840772blob-1024x463.jpg 1024w, https:\/\/www.elvismyhappiness.com\/wp\/wp-content\/uploads\/2026\/03\/1774886840772blob-300x136.jpg 300w, https:\/\/www.elvismyhappiness.com\/wp\/wp-content\/uploads\/2026\/03\/1774886840772blob-768x347.jpg 768w, https:\/\/www.elvismyhappiness.com\/wp\/wp-content\/uploads\/2026\/03\/1774886840772blob-1536x694.jpg 1536w, https:\/\/www.elvismyhappiness.com\/wp\/wp-content\/uploads\/2026\/03\/1774886840772blob-2048x926.jpg 2048w\" sizes=\"auto, (max-width: 1024px) 100vw, 1024px\" \/><\/figure>\n","protected":false},"excerpt":{"rendered":"<p>Pr\u00e8s de 130 produits en \u00e9dition limit\u00e9e pour fans et collectionneurs ! \u00a0&#8211; Tous les produits du catalogue dans la revue sont de stock\u00a0&#8211; Livraison directe sans interm\u00e9diaire\u00a0&#8211; Exp\u00e9dition sous 48 h en colis suivi\u00a0&#8211; Garantie meilleur prix Faites-vous plaisir sans contrainte. Nous n&rsquo;encaissons votre r\u00e8glement qu&rsquo;\u00e0 l&rsquo;exp\u00e9dition de votre commande. Vous pouvez payer votre [&hellip;]<\/p>\n","protected":false},"author":1,"featured_media":0,"parent":0,"menu_order":0,"comment_status":"closed","ping_status":"closed","template":"","meta":{"_bbp_topic_count":0,"_bbp_reply_count":0,"_bbp_total_topic_count":0,"_bbp_total_reply_count":0,"_bbp_voice_count":0,"_bbp_anonymous_reply_count":0,"_bbp_topic_count_hidden":0,"_bbp_reply_count_hidden":0,"_bbp_forum_subforum_count":0,"footnotes":""},"class_list":["post-2079","page","type-page","status-publish","hentry"],"_links":{"self":[{"href":"https:\/\/www.elvismyhappiness.com\/wp\/index.php?rest_route=\/wp\/v2\/pages\/2079","targetHints":{"allow":["GET"]}}],"collection":[{"href":"https:\/\/www.elvismyhappiness.com\/wp\/index.php?rest_route=\/wp\/v2\/pages"}],"about":[{"href":"https:\/\/www.elvismyhappiness.com\/wp\/index.php?rest_route=\/wp\/v2\/types\/page"}],"author":[{"embeddable":true,"href":"https:\/\/www.elvismyhappiness.com\/wp\/index.php?rest_route=\/wp\/v2\/users\/1"}],"replies":[{"embeddable":true,"href":"https:\/\/www.elvismyhappiness.com\/wp\/index.php?rest_route=%2Fwp%2Fv2%2Fcomments&post=2079"}],"version-history":[{"count":1,"href":"https:\/\/www.elvismyhappiness.com\/wp\/index.php?rest_route=\/wp\/v2\/pages\/2079\/revisions"}],"predecessor-version":[{"id":2082,"href":"https:\/\/www.elvismyhappiness.com\/wp\/index.php?rest_route=\/wp\/v2\/pages\/2079\/revisions\/2082"}],"wp:attachment":[{"href":"https:\/\/www.elvismyhappiness.com\/wp\/index.php?rest_route=%2Fwp%2Fv2%2Fmedia&parent=2079"}],"curies":[{"name":"wp","href":"https:\/\/api.w.org\/{rel}","templated":true}]}}