{"id":2566,"date":"2026-04-19T15:25:36","date_gmt":"2026-04-19T15:25:36","guid":{"rendered":"https:\/\/www.elvismyhappiness.com\/wp\/?page_id=2566"},"modified":"2026-04-19T15:30:54","modified_gmt":"2026-04-19T15:30:54","slug":"un-show-avec-elvis-2","status":"publish","type":"page","link":"https:\/\/www.elvismyhappiness.com\/wp\/?page_id=2566","title":{"rendered":"UN SHOW AVEC ELVIS &#8211; Tahoe"},"content":{"rendered":"<p><strong>THE FINAL SHOW IN LAKE TAHOE<\/strong> &#8211; Del&rsquo;s Webb Sahara Tahoe &#8211; Stateline Nevada 9 Mai 1976\u00a0<\/p>\n\n\n<div class=\"wp-block-media-text is-stacked-on-mobile\"><figure class=\"wp-block-media-text__media\"><img loading=\"lazy\" decoding=\"async\" width=\"508\" height=\"755\" src=\"https:\/\/www.elvismyhappiness.com\/wp\/wp-content\/uploads\/2026\/04\/on-may-9th-1976-elvis-wraps-up-his-10-day-engagement-at-the-v0-dlcpz55vgfo91.jpg\" alt=\"\" class=\"wp-image-2530 size-full\" srcset=\"https:\/\/www.elvismyhappiness.com\/wp\/wp-content\/uploads\/2026\/04\/on-may-9th-1976-elvis-wraps-up-his-10-day-engagement-at-the-v0-dlcpz55vgfo91.jpg 508w, https:\/\/www.elvismyhappiness.com\/wp\/wp-content\/uploads\/2026\/04\/on-may-9th-1976-elvis-wraps-up-his-10-day-engagement-at-the-v0-dlcpz55vgfo91-202x300.jpg 202w\" sizes=\"auto, (max-width: 508px) 100vw, 508px\" \/><\/figure><div class=\"wp-block-media-text__content\">\n<p><strong>&nbsp;<\/strong>Dans quelques semaines, nous comm\u00e9morerons le<strong>&nbsp;50<sup>\u00e8me<\/sup>&nbsp;anniversaire&nbsp;<\/strong>du tout dernier concert d&rsquo;<strong>Elvis&nbsp;<\/strong>\u00e0&nbsp;<strong>Lake Tahoe,&nbsp;<\/strong>donn\u00e9 le jour de la<strong>&nbsp;F\u00eate des M\u00e8res<\/strong>, le dimanche 9 mai 1976. Si nous avons fait le choix de ne pas chroniquer syst\u00e9matique tous les disques qui sortent \u00e0 flots continus, le plus souvent sans originalit\u00e9s, nous ne pouvons que conseiller, \u00e0 ceux qui ne l\u2019auraient d\u00e9j\u00e0, ce show absolument exceptionnel \u00e0 plus d\u2019un titre. Il a d\u00e9j\u00e0 fait l\u2019objet par le pass\u00e9 de deux \u00e9ditions, \u00e0 commencer en 1993 par le<strong><em>&#8230;And Then The Lights Went Down<\/em>&nbsp;<\/strong>(MAC), en 2 CD, qui sous forme oblongue b\u00e9n\u00e9ficiait d\u2019une belle pr\u00e9sentation, mais \u00e9tait l\u00e9g\u00e8rement incomplet, puis de l\u2019<strong><em>Exceeding All Expectations&nbsp;<\/em><\/strong>(Rainbow Records), complet, toujours en 2 CD, avec un son nettement am\u00e9lior\u00e9. Ici l\u2019enregistrement audience a \u00e9t\u00e9 minutieusement retravaill\u00e9 avec les technologies les plus r\u00e9centes, et remasteris\u00e9e pour offrir un son optimal, r\u00e9v\u00e9lant m\u00eame des d\u00e9tails in\u00e9dits !<\/p>\n\n\n\n<p>Le&nbsp;<strong>King&nbsp;<\/strong>donne l\u00e0, son show le plus d\u00e9brid\u00e9, le plus long de sa carri\u00e8re, pr\u00e8s de deux heures et fait offrir de plus une orchid\u00e9e \u00e0 toutes les femmes pr\u00e9sentes dans la salle. Ce ne sont pas moins de trente-cinq chansons qui figurent au programme, qu&rsquo;elles soient interpr\u00e9t\u00e9es dans leur totalit\u00e9 ou par bribes, comme :&nbsp;<strong><em>Wooden Heart, Blue Moon Of Kentucky<\/em>&nbsp;<\/strong>ou<strong>&nbsp;<em>The Mickey Mouse March<\/em><\/strong>, mais aussi avec d&rsquo;excellentes surprises comme<strong>&nbsp;<em>Return To Sender<\/em>&nbsp;<\/strong>ou&nbsp;<strong><em>Young And Beautiful<\/em><\/strong>\u2026 L\u2019actrice<strong>&nbsp;Joan Blackman&nbsp;<\/strong>&#8211; sa partenaire de <strong>Blue Hawaii&nbsp;<\/strong>et&nbsp;<strong>Kid Galahad&nbsp;<\/strong>&#8211; \u00e9tant pr\u00e9sente dans la salle, il chante<strong>&nbsp;<em>Hawaiian Wedding Song<\/em><\/strong><em>.&nbsp;<\/em>Il d\u00e9die<strong><em>&nbsp;The First Time Ever I Saw Your Face&nbsp;<\/em><\/strong>\u00e0&nbsp;<strong>Linda Thompson&nbsp;<\/strong>et couvre ainsi tout le r\u00e9pertoire de<strong>&nbsp;<em>That&rsquo;s All Right<\/em>&nbsp;<\/strong>\u00e0 <strong><em>Hurt<\/em> qu&rsquo;il double une nouvelle fois. Ce concert est un incontournable. Elvis&nbsp;<\/strong>est visiblement tr\u00e8s d\u00e9tendu, sans les contraintes impos\u00e9es parfois par la direction de l&rsquo;h\u00f4tel, il rit, discute comme dans une soir\u00e9e entre amis, pour offrir au public bien plus que ce \u00e0 quoi il s&rsquo;attendait.&nbsp;<strong>Un must&nbsp;!&#8230;&nbsp;<\/strong><\/p>\n<\/div><\/div>\n\n\n\n<figure class=\"wp-block-gallery has-nested-images columns-default is-cropped wp-block-gallery-1 is-layout-flex wp-block-gallery-is-layout-flex\">\n<figure class=\"wp-block-image size-full\"><img loading=\"lazy\" decoding=\"async\" width=\"268\" height=\"188\" data-id=\"2537\" src=\"https:\/\/www.elvismyhappiness.com\/wp\/wp-content\/uploads\/2026\/04\/images-2.jpeg\" alt=\"\" class=\"wp-image-2537\"\/><\/figure>\n\n\n\n<figure class=\"wp-block-image size-large\"><img loading=\"lazy\" decoding=\"async\" width=\"213\" height=\"237\" data-id=\"2538\" src=\"https:\/\/www.elvismyhappiness.com\/wp\/wp-content\/uploads\/2026\/04\/images-1.jpeg\" alt=\"\" class=\"wp-image-2538\"\/><\/figure>\n\n\n\n<figure class=\"wp-block-image size-large\"><img loading=\"lazy\" decoding=\"async\" width=\"640\" height=\"453\" data-id=\"2531\" src=\"https:\/\/www.elvismyhappiness.com\/wp\/wp-content\/uploads\/2026\/04\/on-may-9th-1976-elvis-wraps-up-his-10-day-engagement-at-the-v0-zio5befdgfo91-1.webp\" alt=\"\" class=\"wp-image-2531\" srcset=\"https:\/\/www.elvismyhappiness.com\/wp\/wp-content\/uploads\/2026\/04\/on-may-9th-1976-elvis-wraps-up-his-10-day-engagement-at-the-v0-zio5befdgfo91-1.webp 640w, https:\/\/www.elvismyhappiness.com\/wp\/wp-content\/uploads\/2026\/04\/on-may-9th-1976-elvis-wraps-up-his-10-day-engagement-at-the-v0-zio5befdgfo91-1-300x212.webp 300w\" sizes=\"auto, (max-width: 640px) 100vw, 640px\" \/><\/figure>\n<\/figure>\n","protected":false},"excerpt":{"rendered":"<p>THE FINAL SHOW IN LAKE TAHOE &#8211; Del&rsquo;s Webb Sahara Tahoe &#8211; Stateline Nevada 9 Mai 1976\u00a0 &nbsp;Dans quelques semaines, nous comm\u00e9morerons le&nbsp;50\u00e8me&nbsp;anniversaire&nbsp;du tout dernier concert d&rsquo;Elvis&nbsp;\u00e0&nbsp;Lake Tahoe,&nbsp;donn\u00e9 le jour de la&nbsp;F\u00eate des M\u00e8res, le dimanche 9 mai 1976. Si nous avons fait le choix de ne pas chroniquer syst\u00e9matique tous les disques qui sortent [&hellip;]<\/p>\n","protected":false},"author":3,"featured_media":0,"parent":0,"menu_order":0,"comment_status":"open","ping_status":"closed","template":"","meta":{"_bbp_topic_count":0,"_bbp_reply_count":0,"_bbp_total_topic_count":0,"_bbp_total_reply_count":0,"_bbp_voice_count":0,"_bbp_anonymous_reply_count":0,"_bbp_topic_count_hidden":0,"_bbp_reply_count_hidden":0,"_bbp_forum_subforum_count":0,"footnotes":""},"class_list":["post-2566","page","type-page","status-publish","hentry"],"_links":{"self":[{"href":"https:\/\/www.elvismyhappiness.com\/wp\/index.php?rest_route=\/wp\/v2\/pages\/2566","targetHints":{"allow":["GET"]}}],"collection":[{"href":"https:\/\/www.elvismyhappiness.com\/wp\/index.php?rest_route=\/wp\/v2\/pages"}],"about":[{"href":"https:\/\/www.elvismyhappiness.com\/wp\/index.php?rest_route=\/wp\/v2\/types\/page"}],"author":[{"embeddable":true,"href":"https:\/\/www.elvismyhappiness.com\/wp\/index.php?rest_route=\/wp\/v2\/users\/3"}],"replies":[{"embeddable":true,"href":"https:\/\/www.elvismyhappiness.com\/wp\/index.php?rest_route=%2Fwp%2Fv2%2Fcomments&post=2566"}],"version-history":[{"count":5,"href":"https:\/\/www.elvismyhappiness.com\/wp\/index.php?rest_route=\/wp\/v2\/pages\/2566\/revisions"}],"predecessor-version":[{"id":2579,"href":"https:\/\/www.elvismyhappiness.com\/wp\/index.php?rest_route=\/wp\/v2\/pages\/2566\/revisions\/2579"}],"wp:attachment":[{"href":"https:\/\/www.elvismyhappiness.com\/wp\/index.php?rest_route=%2Fwp%2Fv2%2Fmedia&parent=2566"}],"curies":[{"name":"wp","href":"https:\/\/api.w.org\/{rel}","templated":true}]}}