{"id":30,"date":"2026-02-26T11:43:07","date_gmt":"2026-02-26T11:43:07","guid":{"rendered":"https:\/\/www.elvismyhappiness.com\/wp\/?page_id=30"},"modified":"2026-03-27T10:18:27","modified_gmt":"2026-03-27T10:18:27","slug":"qui-sommes-nous","status":"publish","type":"page","link":"https:\/\/www.elvismyhappiness.com\/wp\/?page_id=30","title":{"rendered":"Qui sommes nous ?"},"content":{"rendered":"\n<div class=\"wp-block-superb-addons-cover-image\"><div class=\"superbaddons-coverimage-block\" style=\"border-radius:0%;min-height:400px;background-image:url(https:\/\/www.elvismyhappiness.com\/wp\/wp-content\/uploads\/2026\/03\/graceland-1.jpg);background-position:83% 50%;background-size:cover;background-repeat:no-repeat\"><\/div><\/div>\n\n\n\n<h2 class=\"wp-block-heading\">ASSOCIATION ELVIS MY HAPPINESS<\/h2>\n\n\n\n<div class=\"wp-block-media-text is-stacked-on-mobile\"><figure class=\"wp-block-media-text__media\"><img loading=\"lazy\" decoding=\"async\" width=\"1000\" height=\"625\" src=\"https:\/\/www.elvismyhappiness.com\/wp\/wp-content\/uploads\/2026\/02\/jmp.jpg\" alt=\"\" class=\"wp-image-31 size-full\" srcset=\"https:\/\/www.elvismyhappiness.com\/wp\/wp-content\/uploads\/2026\/02\/jmp.jpg 1000w, https:\/\/www.elvismyhappiness.com\/wp\/wp-content\/uploads\/2026\/02\/jmp-300x188.jpg 300w, https:\/\/www.elvismyhappiness.com\/wp\/wp-content\/uploads\/2026\/02\/jmp-768x480.jpg 768w\" sizes=\"auto, (max-width: 1000px) 100vw, 1000px\" \/><\/figure><div class=\"wp-block-media-text__content\">\n<p>L\u2019Association&nbsp;<strong>Elvis My Happiness<\/strong>&nbsp;&#8211; deuxi\u00e8me Fan Club d&rsquo;<strong>Elvis<\/strong>&nbsp;au monde par son importance &#8211; fut cr\u00e9\u00e9e en 1992 avec pour mission premi\u00e8re d\u2019\u00eatre, dans notre pays, le garant&nbsp; dans notre pays de l\u2019image et de l\u2019\u0153uvre d\u2019<strong>Elvis Presley<\/strong>. Notre association est all\u00e9e, depuis, bien au-del\u00e0 des objectifs qu\u2019elle s\u2019\u00e9tait fix\u00e9e. Si, \u00e0 l\u2019origine, seule l\u2019\u00e9dition d\u2019un magazine trimestriel &#8211;&nbsp;<strong>en couleur<\/strong>&nbsp;depuis le n\u00b050 &#8211; en \u00e9tait l\u2019objet, d\u2019autres activit\u00e9s vinrent s\u2019ajouter tr\u00e8s rapidement, \u00e0 la demande pressante des adh\u00e9rents : les voyages \u00e0&nbsp;<strong>Memphis&nbsp;<\/strong>au mois de janvier pour les anniversaires de la naissance d\u2019<strong>Elvis&nbsp;<\/strong>et au mois d\u2019ao\u00fbt pour la d\u00e9sormais incontournable&nbsp;<strong>Elvis Week<\/strong>, mais aussi la cr\u00e9ation de livres par son pr\u00e9sident, de disques&#8230;<\/p>\n\n\n\n<p>&#8230; Et apr\u00e8s un grand nombre d\u2019obstacles abattus au fil des ann\u00e9es &#8211; le&nbsp;<strong>1<sup>er<\/sup>&nbsp;timbre officiel Elvis en France<\/strong>&nbsp;qui, depuis sa sortie officielle le<strong>&nbsp;02 octobre 2009,<\/strong>&nbsp;connait un v\u00e9ritable succ\u00e8s et si le package est aujourd&rsquo;hui \u00e9puis\u00e9, il reste encore des planches de timbres.<br><br><strong>Elvis My Happiness&nbsp;<\/strong>est aujourd\u2019hui une grande famille qui compte entre 5.500 et 6.000 adh\u00e9rents.<\/p>\n<\/div><\/div>\n\n\n\n<div class=\"wp-block-media-text has-media-on-the-right is-stacked-on-mobile\"><div class=\"wp-block-media-text__content\">\n<p>Nos voyages aux Etats-Unis ont fait d\u00e9couvrir&nbsp;<strong>Elvis, Memphis<\/strong>&nbsp;et les&nbsp;<strong>Etats-Unis<\/strong>&nbsp;\u00e0 plus de 3<strong>000 personnes<\/strong>&nbsp;depuis&nbsp;<strong>1995<\/strong>.&nbsp;<strong>En 2002<\/strong>&nbsp;pour le&nbsp;<strong>25<sup>\u00e8me<\/sup>&nbsp;anniversaire<\/strong>&nbsp;de la disparition du&nbsp;<strong>King<\/strong>,&nbsp;<strong>200<\/strong>&nbsp;personnes nous ont accompagn\u00e9s \u00e0&nbsp;<strong>Memphis<\/strong>&nbsp;pour un hommage vibrant au&nbsp;<strong>King<\/strong>. L\u2019objectif pour l\u2019anniversaire des 30 ans,&nbsp;en ao\u00fbt 2007,&nbsp;\u00e9tait de battre notre propre record&nbsp;; chose faite avec&nbsp;<strong>300<\/strong>&nbsp;personnes&nbsp;! En janvier 2010 ce sont \u00e0 nouveau&nbsp;<strong>100<\/strong>&nbsp;personnes qui sont parties \u00e0&nbsp;<strong>Memphis<\/strong>&nbsp;pour c\u00e9l\u00e9brer les 75 ans de la naissance du King puis destination&nbsp;<strong>Hawaii<\/strong>\u2026<\/p>\n\n\n\n<p><strong>Elvis My Happiness<\/strong>&nbsp;est \u00e9galement \u00e0 l\u2019origine, par<strong>&nbsp;4 fois,&nbsp;<\/strong>de la venue du mythique et toujours in\u00e9gal\u00e9 concert virtuel \u00ab&nbsp;<strong>Elvis The Concert<\/strong>&nbsp;\u00bb \u00e0&nbsp;<strong>Paris<\/strong>. Lors de sa derni\u00e8re venue en mars 2009 ce fut \u00e0 nouveau un&nbsp;<strong>SOLD OUT&nbsp;<\/strong>pour le&nbsp;<strong>King<\/strong>&nbsp;32 ans apr\u00e8s sa disparition.<\/p>\n<\/div><figure class=\"wp-block-media-text__media\"><img loading=\"lazy\" decoding=\"async\" width=\"1024\" height=\"579\" src=\"https:\/\/www.elvismyhappiness.com\/wp\/wp-content\/uploads\/2026\/02\/graceland-1024x579.jpg\" alt=\"\" class=\"wp-image-32 size-full\" srcset=\"https:\/\/www.elvismyhappiness.com\/wp\/wp-content\/uploads\/2026\/02\/graceland-1024x579.jpg 1024w, https:\/\/www.elvismyhappiness.com\/wp\/wp-content\/uploads\/2026\/02\/graceland-300x170.jpg 300w, https:\/\/www.elvismyhappiness.com\/wp\/wp-content\/uploads\/2026\/02\/graceland-768x434.jpg 768w, https:\/\/www.elvismyhappiness.com\/wp\/wp-content\/uploads\/2026\/02\/graceland-1536x868.jpg 1536w, https:\/\/www.elvismyhappiness.com\/wp\/wp-content\/uploads\/2026\/02\/graceland-2048x1158.jpg 2048w\" sizes=\"auto, (max-width: 1024px) 100vw, 1024px\" \/><\/figure><\/div>\n\n\n\n<p class=\"has-text-align-center\">Aujourd\u2019hui gr\u00e2ce \u00e0 notre travail et notre pers\u00e9v\u00e9rance, notre association a gagn\u00e9 une authentique cr\u00e9dibilit\u00e9 <br>aupr\u00e8s de tous les m\u00e9dias fran\u00e7ais, ce qui en fait l\u2019interlocuteur privil\u00e9gi\u00e9 pour tout ce qui rapporte \u00e0&nbsp;<strong>Elvis en France<\/strong>.<\/p>\n","protected":false},"excerpt":{"rendered":"<p>ASSOCIATION ELVIS MY HAPPINESS L\u2019Association&nbsp;Elvis My Happiness&nbsp;&#8211; deuxi\u00e8me Fan Club d&rsquo;Elvis&nbsp;au monde par son importance &#8211; fut cr\u00e9\u00e9e en 1992 avec pour mission premi\u00e8re d\u2019\u00eatre, dans notre pays, le garant&nbsp; dans notre pays de l\u2019image et de l\u2019\u0153uvre d\u2019Elvis Presley. Notre association est all\u00e9e, depuis, bien au-del\u00e0 des objectifs qu\u2019elle s\u2019\u00e9tait fix\u00e9e. Si, \u00e0 l\u2019origine, [&hellip;]<\/p>\n","protected":false},"author":1,"featured_media":0,"parent":0,"menu_order":0,"comment_status":"closed","ping_status":"closed","template":"","meta":{"_bbp_topic_count":0,"_bbp_reply_count":0,"_bbp_total_topic_count":0,"_bbp_total_reply_count":0,"_bbp_voice_count":0,"_bbp_anonymous_reply_count":0,"_bbp_topic_count_hidden":0,"_bbp_reply_count_hidden":0,"_bbp_forum_subforum_count":0,"footnotes":""},"class_list":["post-30","page","type-page","status-publish","hentry"],"_links":{"self":[{"href":"https:\/\/www.elvismyhappiness.com\/wp\/index.php?rest_route=\/wp\/v2\/pages\/30","targetHints":{"allow":["GET"]}}],"collection":[{"href":"https:\/\/www.elvismyhappiness.com\/wp\/index.php?rest_route=\/wp\/v2\/pages"}],"about":[{"href":"https:\/\/www.elvismyhappiness.com\/wp\/index.php?rest_route=\/wp\/v2\/types\/page"}],"author":[{"embeddable":true,"href":"https:\/\/www.elvismyhappiness.com\/wp\/index.php?rest_route=\/wp\/v2\/users\/1"}],"replies":[{"embeddable":true,"href":"https:\/\/www.elvismyhappiness.com\/wp\/index.php?rest_route=%2Fwp%2Fv2%2Fcomments&post=30"}],"version-history":[{"count":7,"href":"https:\/\/www.elvismyhappiness.com\/wp\/index.php?rest_route=\/wp\/v2\/pages\/30\/revisions"}],"predecessor-version":[{"id":1662,"href":"https:\/\/www.elvismyhappiness.com\/wp\/index.php?rest_route=\/wp\/v2\/pages\/30\/revisions\/1662"}],"wp:attachment":[{"href":"https:\/\/www.elvismyhappiness.com\/wp\/index.php?rest_route=%2Fwp%2Fv2%2Fmedia&parent=30"}],"curies":[{"name":"wp","href":"https:\/\/api.w.org\/{rel}","templated":true}]}}