{"id":629,"date":"2026-03-03T10:40:45","date_gmt":"2026-03-03T10:40:45","guid":{"rendered":"https:\/\/www.elvismyhappiness.com\/wp\/?page_id=629"},"modified":"2026-03-31T11:54:01","modified_gmt":"2026-03-31T11:54:01","slug":"voyages","status":"publish","type":"page","link":"https:\/\/www.elvismyhappiness.com\/wp\/?page_id=629","title":{"rendered":"Voyages"},"content":{"rendered":"\n<div class=\"wp-block-group alignfull has-mono-4-background-color has-background has-global-padding is-layout-constrained wp-container-core-group-is-layout-7e874eaa wp-block-group-is-layout-constrained\" style=\"padding-top:var(--wp--preset--spacing--superbspacing-large);padding-right:var(--wp--preset--spacing--superbspacing-small);padding-bottom:var(--wp--preset--spacing--superbspacing-large);padding-left:var(--wp--preset--spacing--superbspacing-small)\">\n<h1 class=\"wp-block-heading has-text-align-center\">Voyage 50\u1d49 anniversaire de la disparition d\u2019Elvis \u2013 Ao\u00fbt 2027<\/h1>\n\n\n\n<div style=\"height:24px\" aria-hidden=\"true\" class=\"wp-block-spacer\"><\/div>\n\n\n\n<hr class=\"wp-block-separator has-alpha-channel-opacity\"\/>\n\n\n\n<div class=\"wp-block-columns alignwide is-layout-flex wp-container-core-columns-is-layout-a001aa69 wp-block-columns-is-layout-flex\" style=\"margin-top:0;margin-bottom:0\">\n<div class=\"wp-block-column is-vertically-aligned-center is-layout-flow wp-container-core-column-is-layout-db2cb278 wp-block-column-is-layout-flow\">\n\n\n<p><\/p>\n\n\n\n<p><\/p>\n\n\n\n<p class=\"has-text-align-left has-secondary-color has-text-color has-superbfont-small-font-size\"><strong>En 2027, nous comm\u00e9morerons le 50\u1d49 anniversaire de la disparition d\u2019Elvis Presley avec un voyage hommage exceptionnel.<\/strong><br>Rejoignez-nous pour une exp\u00e9rience unique de <strong>12 jours (10 nuits sur place)<\/strong> enti\u00e8rement d\u00e9di\u00e9e au King, \u00e0 la d\u00e9couverte des lieux mythiques qui ont marqu\u00e9 sa vie et sa carri\u00e8re.<\/p>\n\n\n\n<p>Ce voyage vous m\u00e8nera au c\u0153ur de l\u2019univers d\u2019Elvis, de <strong>Nashville<\/strong> avec le <em>Musical Hall of Fame<\/em> et le l\u00e9gendaire <em>RCA Studio B<\/em>, \u00e0 <strong>Tupelo<\/strong>, sa ville natale, avant de rejoindre <strong>Memphis<\/strong>, avec des moments forts comme <strong>Graceland, Sun Studio, Beale Street<\/strong>, la c\u00e9l\u00e8bre <strong>Candlelight Vigil<\/strong> et des concerts hommage. L\u2019aventure se poursuivra ensuite \u00e0 <strong>Las Vegas<\/strong>, ville embl\u00e9matique de ses spectacles, avec notamment <strong>le Westgate, la Graceland Wedding Chapel, la Valley of Fire<\/strong> et un show exceptionnel.<\/p>\n\n\n\n<p>Un voyage unique pour <strong>partager la passion d\u2019Elvis entre fans et rendre hommage ensemble au King<\/strong> lors de cet \u00e9v\u00e9nement mondial.<\/p>\n\n\n\n<p><strong>Places limit\u00e9es : inscrivez-vous d\u00e8s maintenant !<\/strong><\/p>\n\n\n\n<div class=\"wp-block-buttons is-layout-flex wp-block-buttons-is-layout-flex\">\n<div class=\"wp-block-button\"><a class=\"wp-block-button__link wp-element-button\" href=\"https:\/\/www.elvismyhappiness.com\/wp\/?page_id=758&amp;preview=true\">Je m\u2019inscris pour le voyage hommage 2027<\/a><\/div>\n<\/div>\n<\/div>\n\n\n\n<div class=\"wp-block-column is-vertically-aligned-center is-layout-flow wp-container-core-column-is-layout-40a2a7e8 wp-block-column-is-layout-flow\" style=\"padding-right:0;padding-bottom:0;padding-left:0\">\n<figure class=\"wp-block-image size-full has-custom-border\"><img loading=\"lazy\" decoding=\"async\" width=\"500\" height=\"429\" src=\"https:\/\/www.elvismyhappiness.com\/wp\/wp-content\/uploads\/2026\/03\/Graceland-Elvis-Presley-entrance-sign-Memphis-Tennessee.jpg\" alt=\"\" class=\"wp-image-756\" style=\"border-radius:0px\" srcset=\"https:\/\/www.elvismyhappiness.com\/wp\/wp-content\/uploads\/2026\/03\/Graceland-Elvis-Presley-entrance-sign-Memphis-Tennessee.jpg 500w, https:\/\/www.elvismyhappiness.com\/wp\/wp-content\/uploads\/2026\/03\/Graceland-Elvis-Presley-entrance-sign-Memphis-Tennessee-300x257.jpg 300w\" sizes=\"auto, (max-width: 500px) 100vw, 500px\" \/><\/figure>\n<\/div>\n<\/div>\n<\/div>\n\n\n\n<p><\/p>\n\n\n\n<div class=\"wp-block-group alignfull has-mono-4-background-color has-background has-global-padding is-layout-constrained wp-container-core-group-is-layout-72f47186 wp-block-group-is-layout-constrained\" style=\"margin-top:0;margin-bottom:0;padding-top:var(--wp--preset--spacing--superbspacing-medium);padding-right:var(--wp--preset--spacing--superbspacing-small);padding-bottom:var(--wp--preset--spacing--superbspacing-medium);padding-left:var(--wp--preset--spacing--superbspacing-small)\">\n<div class=\"wp-block-group alignwide is-vertical is-content-justification-center is-layout-flex wp-container-core-group-is-layout-4c120eef wp-block-group-is-layout-flex\">\n<h2 class=\"wp-block-heading has-text-align-center has-contrast-color has-text-color has-superbfont-large-font-size\">Retour sur nos pr\u00e9c\u00e9dents voyages<\/h2>\n\n\n\n<p class=\"has-text-align-center has-secondary-color has-text-color has-superbfont-small-font-size\">Chaque ann\u00e9e, nous c\u00e9l\u00e9brons l\u2019anniversaire de la disparition d\u2019Elvis Presley avec des voyages uniques d\u00e9di\u00e9s \u00e0 sa m\u00e9moire. Revivez ces aventures pass\u00e9es, leurs moments forts et l\u2019ambiance exceptionnelle qui a marqu\u00e9 chaque \u00e9dition. Une belle fa\u00e7on de replonger dans l\u2019univers d\u2019Elvis et de pr\u00e9parer vos prochaines c\u00e9l\u00e9brations !<\/p>\n<\/div>\n\n\n\n<div class=\"wp-block-group alignfull has-mono-4-background-color has-background has-global-padding is-layout-constrained wp-container-core-group-is-layout-72f47186 wp-block-group-is-layout-constrained\" style=\"margin-top:0;margin-bottom:0;padding-top:var(--wp--preset--spacing--superbspacing-medium);padding-right:var(--wp--preset--spacing--superbspacing-small);padding-bottom:var(--wp--preset--spacing--superbspacing-medium);padding-left:var(--wp--preset--spacing--superbspacing-small)\">\n<div class=\"wp-block-columns alignwide is-layout-flex wp-container-core-columns-is-layout-f9d87e41 wp-block-columns-is-layout-flex\">\n<div class=\"wp-block-column is-vertically-aligned-center is-layout-flow wp-container-core-column-is-layout-db2cb278 wp-block-column-is-layout-flow\">\n<figure class=\"wp-block-image aligncenter size-full has-custom-border\"><img loading=\"lazy\" decoding=\"async\" width=\"440\" height=\"276\" src=\"https:\/\/www.elvismyhappiness.com\/wp\/wp-content\/uploads\/2026\/03\/voyage-25-1.png\" alt=\"\" class=\"wp-image-1262\" style=\"border-radius:20px;object-fit:cover\" srcset=\"https:\/\/www.elvismyhappiness.com\/wp\/wp-content\/uploads\/2026\/03\/voyage-25-1.png 440w, https:\/\/www.elvismyhappiness.com\/wp\/wp-content\/uploads\/2026\/03\/voyage-25-1-300x188.png 300w\" sizes=\"auto, (max-width: 440px) 100vw, 440px\" \/><\/figure>\n\n\n\n<div class=\"wp-block-group has-global-padding is-layout-constrained wp-container-core-group-is-layout-d598ad9d wp-block-group-is-layout-constrained\">\n<h3 class=\"wp-block-heading has-text-align-center has-contrast-color has-text-color has-superbfont-small-font-size\">Memphis 2025<\/h3>\n\n\n\n<p class=\"has-text-align-center has-secondary-color has-text-color has-superbfont-xsmall-font-size\">Retour sur le voyage Memphis 2025 avec Elvis My Happiness<\/p>\n\n\n\n<h3 class=\"wp-block-heading has-text-align-center has-superbfont-small-font-size\"><a href=\"https:\/\/www.elvismyhappiness.com\/wp\/?p=1972\">Lire le r\u00e9sum\u00e9 \u2192<\/a><\/h3>\n<\/div>\n<\/div>\n\n\n\n<div class=\"wp-block-column is-vertically-aligned-center is-layout-flow wp-container-core-column-is-layout-db2cb278 wp-block-column-is-layout-flow\">\n<figure class=\"wp-block-image aligncenter size-full has-custom-border\"><img loading=\"lazy\" decoding=\"async\" width=\"440\" height=\"276\" src=\"https:\/\/www.elvismyhappiness.com\/wp\/wp-content\/uploads\/2026\/03\/welcome-to-graceland-1.png\" alt=\"\" class=\"wp-image-1263\" style=\"border-radius:20px;object-fit:cover\" srcset=\"https:\/\/www.elvismyhappiness.com\/wp\/wp-content\/uploads\/2026\/03\/welcome-to-graceland-1.png 440w, https:\/\/www.elvismyhappiness.com\/wp\/wp-content\/uploads\/2026\/03\/welcome-to-graceland-1-300x188.png 300w\" sizes=\"auto, (max-width: 440px) 100vw, 440px\" \/><\/figure>\n\n\n\n<div class=\"wp-block-group has-global-padding is-layout-constrained wp-container-core-group-is-layout-d598ad9d wp-block-group-is-layout-constrained\">\n<h3 class=\"wp-block-heading has-text-align-center has-contrast-color has-text-color has-superbfont-small-font-size\">Memphis 2024<\/h3>\n\n\n\n<p class=\"has-text-align-center has-secondary-color has-text-color has-superbfont-xsmall-font-size\">Retour sur le voyage Memphis 2022 avec Elvis My Happiness<\/p>\n\n\n\n<h3 class=\"wp-block-heading has-text-align-center has-superbfont-small-font-size\"><a href=\"https:\/\/www.elvismyhappiness.com\/wp\/?p=1964\">Lire le r\u00e9sum\u00e9 \u2192<\/a><\/h3>\n<\/div>\n<\/div>\n\n\n\n<div class=\"wp-block-column is-vertically-aligned-center is-layout-flow wp-container-core-column-is-layout-db2cb278 wp-block-column-is-layout-flow\">\n<figure class=\"wp-block-image aligncenter size-full has-custom-border\"><img loading=\"lazy\" decoding=\"async\" width=\"440\" height=\"276\" src=\"https:\/\/www.elvismyhappiness.com\/wp\/wp-content\/uploads\/2026\/03\/voyage-22.png\" alt=\"\" class=\"wp-image-1264\" style=\"border-radius:20px;object-fit:cover\" srcset=\"https:\/\/www.elvismyhappiness.com\/wp\/wp-content\/uploads\/2026\/03\/voyage-22.png 440w, https:\/\/www.elvismyhappiness.com\/wp\/wp-content\/uploads\/2026\/03\/voyage-22-300x188.png 300w\" sizes=\"auto, (max-width: 440px) 100vw, 440px\" \/><\/figure>\n\n\n\n<div class=\"wp-block-group has-global-padding is-layout-constrained wp-container-core-group-is-layout-d598ad9d wp-block-group-is-layout-constrained\">\n<h3 class=\"wp-block-heading has-text-align-center has-contrast-color has-text-color has-superbfont-small-font-size\">Memphis 2022<\/h3>\n\n\n\n<p class=\"has-text-align-center has-secondary-color has-text-color has-superbfont-xsmall-font-size\">Retour sur le voyage Memphis 2022 avec Elvis My Happiness<\/p>\n\n\n\n<h3 class=\"wp-block-heading has-text-align-center has-superbfont-small-font-size\"><a href=\"https:\/\/www.elvismyhappiness.com\/wp\/?p=245\">Lire le r\u00e9sum\u00e9\u2192<\/a><\/h3>\n<\/div>\n<\/div>\n<\/div>\n<\/div>\n<\/div>\n\n\n\n<h3 class=\"wp-block-heading\">D\u00e9couvrez aussi nos anciens articles sur nos voyages<\/h3>\n\n\n<ul style=\"font-size:clamp(14px, 0.875rem + ((1vw - 3.2px) * 0.341), 17px);\" class=\"wp-block-latest-posts__list has-link-color wp-elements-6d9294343bfa81e03c9caee0590ef419 wp-block-latest-posts has-text-color has-mono-1-color\"><li><div class=\"wp-block-latest-posts__featured-image alignleft\"><img loading=\"lazy\" decoding=\"async\" width=\"150\" height=\"150\" src=\"https:\/\/www.elvismyhappiness.com\/wp\/wp-content\/uploads\/2026\/03\/Elvisweek2026-150x150.png\" class=\"attachment-thumbnail size-thumbnail wp-post-image\" alt=\"\" style=\"\" \/><\/div><a class=\"wp-block-latest-posts__post-title\" href=\"https:\/\/www.elvismyhappiness.com\/wp\/?p=1463\">ELVIS WEEK 2026<\/a><div class=\"wp-block-latest-posts__post-excerpt\">Le logo d\u00e9voil\u00e9 ! ELVIS WEEK 2026 La&nbsp;Semaine Elvis&nbsp;se d\u00e9roulera cette ann\u00e9e&nbsp;du 8 au 16 ao\u00fbt 2026. Graceland&nbsp;vient de d\u00e9voiler le logo repr\u00e9sentant ce nouveau rassemblement exceptionnel de fans venus du monde entier. La tr\u00e8s grande majorit\u00e9 d\u2019entre vous souhaitant participer au&nbsp;50\u00e8me&nbsp;anniversaire de la disparition d\u2019Elvis, en ao\u00fbt 2027, nous avons d\u00fb renoncer \u00e0 sa\u2026 <a class=\"wp-block-latest-posts__read-more\" href=\"https:\/\/www.elvismyhappiness.com\/wp\/?p=1463\" rel=\"noopener noreferrer\">Lire la suite<span class=\"screen-reader-text\">\u00a0: ELVIS WEEK 2026<\/span><\/a><\/div><\/li>\n<li><div class=\"wp-block-latest-posts__featured-image alignleft\"><img loading=\"lazy\" decoding=\"async\" width=\"150\" height=\"150\" src=\"https:\/\/www.elvismyhappiness.com\/wp\/wp-content\/uploads\/2024\/09\/graceland-150x150.jpg\" class=\"attachment-thumbnail size-thumbnail wp-post-image\" alt=\"\" style=\"\" \/><\/div><a class=\"wp-block-latest-posts__post-title\" href=\"https:\/\/www.elvismyhappiness.com\/wp\/?p=1972\">Voyage Memphis 2025<\/a><div class=\"wp-block-latest-posts__post-excerpt\">Retour sur le voyage Memphis 2025 avec Elvis My Happiness<\/div><\/li>\n<li><div class=\"wp-block-latest-posts__featured-image alignleft\"><img loading=\"lazy\" decoding=\"async\" width=\"150\" height=\"150\" src=\"https:\/\/www.elvismyhappiness.com\/wp\/wp-content\/uploads\/2024\/09\/graceland-150x150.jpg\" class=\"attachment-thumbnail size-thumbnail wp-post-image\" alt=\"\" style=\"\" \/><\/div><a class=\"wp-block-latest-posts__post-title\" href=\"https:\/\/www.elvismyhappiness.com\/wp\/?p=1964\">Voyage Memphis 2024<\/a><div class=\"wp-block-latest-posts__post-excerpt\">Retour sur le voyage Memphis 2024 avec Elvis My Happiness<\/div><\/li>\n<\/ul>\n\n\n<p><\/p>\n","protected":false},"excerpt":{"rendered":"<p>Voyage 50\u1d49 anniversaire de la disparition d\u2019Elvis \u2013 Ao\u00fbt 2027 En 2027, nous comm\u00e9morerons le 50\u1d49 anniversaire de la disparition d\u2019Elvis Presley avec un voyage hommage exceptionnel.Rejoignez-nous pour une exp\u00e9rience unique de 12 jours (10 nuits sur place) enti\u00e8rement d\u00e9di\u00e9e au King, \u00e0 la d\u00e9couverte des lieux mythiques qui ont marqu\u00e9 sa vie et sa [&hellip;]<\/p>\n","protected":false},"author":1,"featured_media":0,"parent":0,"menu_order":0,"comment_status":"closed","ping_status":"closed","template":"","meta":{"_bbp_topic_count":0,"_bbp_reply_count":0,"_bbp_total_topic_count":0,"_bbp_total_reply_count":0,"_bbp_voice_count":0,"_bbp_anonymous_reply_count":0,"_bbp_topic_count_hidden":0,"_bbp_reply_count_hidden":0,"_bbp_forum_subforum_count":0,"footnotes":""},"class_list":["post-629","page","type-page","status-publish","hentry"],"_links":{"self":[{"href":"https:\/\/www.elvismyhappiness.com\/wp\/index.php?rest_route=\/wp\/v2\/pages\/629","targetHints":{"allow":["GET"]}}],"collection":[{"href":"https:\/\/www.elvismyhappiness.com\/wp\/index.php?rest_route=\/wp\/v2\/pages"}],"about":[{"href":"https:\/\/www.elvismyhappiness.com\/wp\/index.php?rest_route=\/wp\/v2\/types\/page"}],"author":[{"embeddable":true,"href":"https:\/\/www.elvismyhappiness.com\/wp\/index.php?rest_route=\/wp\/v2\/users\/1"}],"replies":[{"embeddable":true,"href":"https:\/\/www.elvismyhappiness.com\/wp\/index.php?rest_route=%2Fwp%2Fv2%2Fcomments&post=629"}],"version-history":[{"count":19,"href":"https:\/\/www.elvismyhappiness.com\/wp\/index.php?rest_route=\/wp\/v2\/pages\/629\/revisions"}],"predecessor-version":[{"id":1977,"href":"https:\/\/www.elvismyhappiness.com\/wp\/index.php?rest_route=\/wp\/v2\/pages\/629\/revisions\/1977"}],"wp:attachment":[{"href":"https:\/\/www.elvismyhappiness.com\/wp\/index.php?rest_route=%2Fwp%2Fv2%2Fmedia&parent=629"}],"curies":[{"name":"wp","href":"https:\/\/api.w.org\/{rel}","templated":true}]}}