{"id":736,"date":"2026-03-04T12:40:16","date_gmt":"2026-03-04T12:40:16","guid":{"rendered":"https:\/\/www.elvismyhappiness.com\/wp\/?page_id=736"},"modified":"2026-04-03T12:21:59","modified_gmt":"2026-04-03T12:21:59","slug":"album-elvis-presley-no-2","status":"publish","type":"page","link":"https:\/\/www.elvismyhappiness.com\/wp\/?page_id=736","title":{"rendered":"Album : Elvis Presley No. 2"},"content":{"rendered":"\n<p class=\"has-contrast-dark-color has-text-color has-link-color wp-elements-74e9e4f65a25ddc921836264f3e3726e\">Date de sortie : 19 Octobre 1956<\/p>\n\n\n\n<div class=\"wp-block-group alignfull has-mono-4-background-color has-background has-global-padding is-layout-constrained wp-container-core-group-is-layout-7e874eaa wp-block-group-is-layout-constrained\" style=\"padding-top:var(--wp--preset--spacing--superbspacing-large);padding-right:var(--wp--preset--spacing--superbspacing-small);padding-bottom:var(--wp--preset--spacing--superbspacing-large);padding-left:var(--wp--preset--spacing--superbspacing-small)\">\n<div class=\"wp-block-columns alignwide is-layout-flex wp-container-core-columns-is-layout-a001aa69 wp-block-columns-is-layout-flex\" style=\"margin-top:0;margin-bottom:0\">\n<div class=\"wp-block-column is-vertically-aligned-center is-layout-flow wp-container-core-column-is-layout-db2cb278 wp-block-column-is-layout-flow\">\n<p><\/p>\n\n\n\n<p class=\"has-text-align-left has-secondary-color has-text-color has-superbfont-small-font-size\">Avec son deuxi\u00e8me album, Elvis confirme son ascension fulgurante et son statut d\u2019ic\u00f4ne naissante du rock\u2019n\u2019roll. Port\u00e9 par une \u00e9nergie toujours plus audacieuse et une interpr\u00e9tation vibrante, cet opus r\u00e9v\u00e8le toute l\u2019\u00e9tendue de son talent, entre rock explosif et ballades empreintes d\u2019\u00e9motion. Chaque titre t\u00e9moigne de son charisme unique et de sa capacit\u00e9 \u00e0 captiver une g\u00e9n\u00e9ration enti\u00e8re. V\u00e9ritable pilier de sa discographie, cet album marque une \u00e9tape d\u00e9cisive dans l\u2019histoire de la musique et dans la l\u00e9gende du King.<\/p>\n<\/div>\n\n\n\n<div class=\"wp-block-column is-vertically-aligned-center is-layout-flow wp-container-core-column-is-layout-40a2a7e8 wp-block-column-is-layout-flow\" style=\"padding-right:0;padding-bottom:0;padding-left:0\">\n<figure class=\"wp-block-image aligncenter size-full is-resized has-custom-border\"><img loading=\"lazy\" decoding=\"async\" width=\"1018\" height=\"1016\" src=\"https:\/\/www.elvismyhappiness.com\/wp\/wp-content\/uploads\/2026\/03\/Capture-decran-2026-03-03-a-17.52.44.png\" alt=\"\" class=\"wp-image-641\" style=\"border-radius:0px;aspect-ratio:1.0019975166009825;width:276px;height:auto\" srcset=\"https:\/\/www.elvismyhappiness.com\/wp\/wp-content\/uploads\/2026\/03\/Capture-decran-2026-03-03-a-17.52.44.png 1018w, https:\/\/www.elvismyhappiness.com\/wp\/wp-content\/uploads\/2026\/03\/Capture-decran-2026-03-03-a-17.52.44-300x300.png 300w, https:\/\/www.elvismyhappiness.com\/wp\/wp-content\/uploads\/2026\/03\/Capture-decran-2026-03-03-a-17.52.44-150x150.png 150w, https:\/\/www.elvismyhappiness.com\/wp\/wp-content\/uploads\/2026\/03\/Capture-decran-2026-03-03-a-17.52.44-768x766.png 768w\" sizes=\"auto, (max-width: 1018px) 100vw, 1018px\" \/><\/figure>\n<\/div>\n<\/div>\n<\/div>\n\n\n<iframe loading=\"lazy\" src=\"https:\/\/open.spotify.com\/embed\/album\/4BxOdLUpWYFL0mfdYiukyQ\"\n        width=\"100%\" height=\"380\" frameborder=\"0\" allow=\"autoplay; clipboard-write; encrypted-media; fullscreen; picture-in-picture\">\n<\/iframe>","protected":false},"excerpt":{"rendered":"<p>Date de sortie : 19 Octobre 1956 Avec son deuxi\u00e8me album, Elvis confirme son ascension fulgurante et son statut d\u2019ic\u00f4ne naissante du rock\u2019n\u2019roll. Port\u00e9 par une \u00e9nergie toujours plus audacieuse et une interpr\u00e9tation vibrante, cet opus r\u00e9v\u00e8le toute l\u2019\u00e9tendue de son talent, entre rock explosif et ballades empreintes d\u2019\u00e9motion. Chaque titre t\u00e9moigne de son charisme [&hellip;]<\/p>\n","protected":false},"author":1,"featured_media":0,"parent":639,"menu_order":0,"comment_status":"closed","ping_status":"closed","template":"","meta":{"_bbp_topic_count":0,"_bbp_reply_count":0,"_bbp_total_topic_count":0,"_bbp_total_reply_count":0,"_bbp_voice_count":0,"_bbp_anonymous_reply_count":0,"_bbp_topic_count_hidden":0,"_bbp_reply_count_hidden":0,"_bbp_forum_subforum_count":0,"footnotes":""},"class_list":["post-736","page","type-page","status-publish","hentry"],"_links":{"self":[{"href":"https:\/\/www.elvismyhappiness.com\/wp\/index.php?rest_route=\/wp\/v2\/pages\/736","targetHints":{"allow":["GET"]}}],"collection":[{"href":"https:\/\/www.elvismyhappiness.com\/wp\/index.php?rest_route=\/wp\/v2\/pages"}],"about":[{"href":"https:\/\/www.elvismyhappiness.com\/wp\/index.php?rest_route=\/wp\/v2\/types\/page"}],"author":[{"embeddable":true,"href":"https:\/\/www.elvismyhappiness.com\/wp\/index.php?rest_route=\/wp\/v2\/users\/1"}],"replies":[{"embeddable":true,"href":"https:\/\/www.elvismyhappiness.com\/wp\/index.php?rest_route=%2Fwp%2Fv2%2Fcomments&post=736"}],"version-history":[{"count":5,"href":"https:\/\/www.elvismyhappiness.com\/wp\/index.php?rest_route=\/wp\/v2\/pages\/736\/revisions"}],"predecessor-version":[{"id":2162,"href":"https:\/\/www.elvismyhappiness.com\/wp\/index.php?rest_route=\/wp\/v2\/pages\/736\/revisions\/2162"}],"up":[{"embeddable":true,"href":"https:\/\/www.elvismyhappiness.com\/wp\/index.php?rest_route=\/wp\/v2\/pages\/639"}],"wp:attachment":[{"href":"https:\/\/www.elvismyhappiness.com\/wp\/index.php?rest_route=%2Fwp%2Fv2%2Fmedia&parent=736"}],"curies":[{"name":"wp","href":"https:\/\/api.w.org\/{rel}","templated":true}]}}