{"id":743,"date":"2026-03-05T05:38:13","date_gmt":"2026-03-05T05:38:13","guid":{"rendered":"https:\/\/www.elvismyhappiness.com\/wp\/?page_id=743"},"modified":"2026-03-05T05:38:13","modified_gmt":"2026-03-05T05:38:13","slug":"album-elvis-christmas-album","status":"publish","type":"page","link":"https:\/\/www.elvismyhappiness.com\/wp\/?page_id=743","title":{"rendered":"Album : Elvis&rsquo; Christmas Album"},"content":{"rendered":"\n<p>Date de sortie : 15 Octobre 1957<\/p>\n\n\n\n<div class=\"wp-block-group alignfull has-mono-4-background-color has-background has-global-padding is-layout-constrained wp-container-core-group-is-layout-7e874eaa wp-block-group-is-layout-constrained\" style=\"padding-top:var(--wp--preset--spacing--superbspacing-large);padding-right:var(--wp--preset--spacing--superbspacing-small);padding-bottom:var(--wp--preset--spacing--superbspacing-large);padding-left:var(--wp--preset--spacing--superbspacing-small)\">\n<div class=\"wp-block-columns alignwide is-layout-flex wp-container-core-columns-is-layout-a001aa69 wp-block-columns-is-layout-flex\" style=\"margin-top:0;margin-bottom:0\">\n<div class=\"wp-block-column is-vertically-aligned-center is-layout-flow wp-container-core-column-is-layout-db2cb278 wp-block-column-is-layout-flow\">\n<p class=\"has-text-align-left\"><\/p>\n\n\n\n<p class=\"has-text-align-left has-secondary-color has-text-color has-superbfont-small-font-size\">Sorti en octobre 1957, <strong>Elvis\u2019 Christmas Album<\/strong> est l\u2019un des albums de No\u00ebl les plus embl\u00e9matiques de l\u2019histoire de la musique. Avec la voix chaleureuse et unique d\u2019Elvis Presley, cet album m\u00eale grands classiques de No\u00ebl et chansons empreintes d\u2019\u00e9motion, cr\u00e9ant une atmosph\u00e8re festive et intemporelle. Des titres entra\u00eenants aux moments plus doux et spirituels, Elvis apporte sa touche personnelle \u00e0 chaque interpr\u00e9tation. V\u00e9ritable incontournable des f\u00eates de fin d\u2019ann\u00e9e, cet album continue de faire r\u00e9sonner l\u2019esprit de No\u00ebl aupr\u00e8s des fans du King \u00e0 travers les g\u00e9n\u00e9rations.<\/p>\n<\/div>\n\n\n\n<div class=\"wp-block-column is-vertically-aligned-center is-layout-flow wp-container-core-column-is-layout-40a2a7e8 wp-block-column-is-layout-flow\" style=\"padding-right:0;padding-bottom:0;padding-left:0\">\n<figure class=\"wp-block-image size-full is-resized has-custom-border\"><img loading=\"lazy\" decoding=\"async\" width=\"1016\" height=\"1022\" src=\"https:\/\/www.elvismyhappiness.com\/wp\/wp-content\/uploads\/2026\/03\/Capture-decran-2026-03-03-a-17.53.02.png\" alt=\"\" class=\"wp-image-642\" style=\"border-radius:0px;aspect-ratio:0.9941614441052011;width:271px;height:auto\" srcset=\"https:\/\/www.elvismyhappiness.com\/wp\/wp-content\/uploads\/2026\/03\/Capture-decran-2026-03-03-a-17.53.02.png 1016w, https:\/\/www.elvismyhappiness.com\/wp\/wp-content\/uploads\/2026\/03\/Capture-decran-2026-03-03-a-17.53.02-298x300.png 298w, https:\/\/www.elvismyhappiness.com\/wp\/wp-content\/uploads\/2026\/03\/Capture-decran-2026-03-03-a-17.53.02-150x150.png 150w, https:\/\/www.elvismyhappiness.com\/wp\/wp-content\/uploads\/2026\/03\/Capture-decran-2026-03-03-a-17.53.02-768x773.png 768w\" sizes=\"auto, (max-width: 1016px) 100vw, 1016px\" \/><\/figure>\n<\/div>\n<\/div>\n<\/div>\n\n\n\n<iframe loading=\"lazy\" src=\"https:\/\/open.spotify.com\/embed\/album\/6zk4RKl6JFlgLCV4Z7DQ7N\"\n        width=\"100%\" \n        height=\"380\" \n        frameborder=\"0\" \n        allow=\"autoplay; clipboard-write; encrypted-media; fullscreen; picture-in-picture\">\n<\/iframe>\n","protected":false},"excerpt":{"rendered":"<p>Date de sortie : 15 Octobre 1957 Sorti en octobre 1957, Elvis\u2019 Christmas Album est l\u2019un des albums de No\u00ebl les plus embl\u00e9matiques de l\u2019histoire de la musique. Avec la voix chaleureuse et unique d\u2019Elvis Presley, cet album m\u00eale grands classiques de No\u00ebl et chansons empreintes d\u2019\u00e9motion, cr\u00e9ant une atmosph\u00e8re festive et intemporelle. Des titres [&hellip;]<\/p>\n","protected":false},"author":1,"featured_media":0,"parent":639,"menu_order":0,"comment_status":"closed","ping_status":"closed","template":"","meta":{"_bbp_topic_count":0,"_bbp_reply_count":0,"_bbp_total_topic_count":0,"_bbp_total_reply_count":0,"_bbp_voice_count":0,"_bbp_anonymous_reply_count":0,"_bbp_topic_count_hidden":0,"_bbp_reply_count_hidden":0,"_bbp_forum_subforum_count":0,"footnotes":""},"class_list":["post-743","page","type-page","status-publish","hentry"],"_links":{"self":[{"href":"https:\/\/www.elvismyhappiness.com\/wp\/index.php?rest_route=\/wp\/v2\/pages\/743","targetHints":{"allow":["GET"]}}],"collection":[{"href":"https:\/\/www.elvismyhappiness.com\/wp\/index.php?rest_route=\/wp\/v2\/pages"}],"about":[{"href":"https:\/\/www.elvismyhappiness.com\/wp\/index.php?rest_route=\/wp\/v2\/types\/page"}],"author":[{"embeddable":true,"href":"https:\/\/www.elvismyhappiness.com\/wp\/index.php?rest_route=\/wp\/v2\/users\/1"}],"replies":[{"embeddable":true,"href":"https:\/\/www.elvismyhappiness.com\/wp\/index.php?rest_route=%2Fwp%2Fv2%2Fcomments&post=743"}],"version-history":[{"count":1,"href":"https:\/\/www.elvismyhappiness.com\/wp\/index.php?rest_route=\/wp\/v2\/pages\/743\/revisions"}],"predecessor-version":[{"id":744,"href":"https:\/\/www.elvismyhappiness.com\/wp\/index.php?rest_route=\/wp\/v2\/pages\/743\/revisions\/744"}],"up":[{"embeddable":true,"href":"https:\/\/www.elvismyhappiness.com\/wp\/index.php?rest_route=\/wp\/v2\/pages\/639"}],"wp:attachment":[{"href":"https:\/\/www.elvismyhappiness.com\/wp\/index.php?rest_route=%2Fwp%2Fv2%2Fmedia&parent=743"}],"curies":[{"name":"wp","href":"https:\/\/api.w.org\/{rel}","templated":true}]}}