{"id":746,"date":"2026-03-05T05:44:18","date_gmt":"2026-03-05T05:44:18","guid":{"rendered":"https:\/\/www.elvismyhappiness.com\/wp\/?page_id=746"},"modified":"2026-03-05T05:44:18","modified_gmt":"2026-03-05T05:44:18","slug":"album-peace-in-the-valley-the-complete-gospel-recordings","status":"publish","type":"page","link":"https:\/\/www.elvismyhappiness.com\/wp\/?page_id=746","title":{"rendered":"Album : Peace in the Valley &#8211; The complete Gospel Recordings"},"content":{"rendered":"\n<p>Date de sortie : 17 Novembre 1999<\/p>\n\n\n\n<div class=\"wp-block-group alignfull has-mono-4-background-color has-background has-global-padding is-layout-constrained wp-container-core-group-is-layout-7e874eaa wp-block-group-is-layout-constrained\" style=\"padding-top:var(--wp--preset--spacing--superbspacing-large);padding-right:var(--wp--preset--spacing--superbspacing-small);padding-bottom:var(--wp--preset--spacing--superbspacing-large);padding-left:var(--wp--preset--spacing--superbspacing-small)\">\n<div class=\"wp-block-columns alignwide is-layout-flex wp-container-core-columns-is-layout-a001aa69 wp-block-columns-is-layout-flex\" style=\"margin-top:0;margin-bottom:0\">\n<div class=\"wp-block-column is-vertically-aligned-center is-layout-flow wp-container-core-column-is-layout-db2cb278 wp-block-column-is-layout-flow\">\n<p class=\"has-text-align-left\"><\/p>\n\n\n\n<p class=\"has-text-align-left has-secondary-color has-text-color has-superbfont-small-font-size\"><em>Peace in the Valley \u2013 The Complete Gospel Recordings\u201d rassemble les plus grands enregistrements gospel d\u2019Elvis Presley et met en lumi\u00e8re l\u2019importance de la musique spirituelle dans sa carri\u00e8re. Profond\u00e9ment influenc\u00e9 par le gospel depuis son enfance, Elvis y livre des interpr\u00e9tations sinc\u00e8res et \u00e9mouvantes qui r\u00e9v\u00e8lent toute la puissance et la sensibilit\u00e9 de sa voix.<\/em><\/p>\n\n\n\n<p class=\"has-text-align-left has-secondary-color has-text-color has-superbfont-small-font-size\"><em>\u00c0 travers ces titres empreints de foi et d\u2019\u00e9motion, cet album permet de d\u00e9couvrir une facette plus intime du King. V\u00e9ritable hommage \u00e0 ses racines musicales, cette collection offre aux auditeurs l\u2019occasion de red\u00e9couvrir des enregistrements spirituels intemporels qui occupent une place particuli\u00e8re dans l\u2019h\u00e9ritage musical d\u2019Elvis.<\/em><\/p>\n<\/div>\n\n\n\n<div class=\"wp-block-column is-vertically-aligned-center is-layout-flow wp-container-core-column-is-layout-40a2a7e8 wp-block-column-is-layout-flow\" style=\"padding-right:0;padding-bottom:0;padding-left:0\">\n<figure class=\"wp-block-image aligncenter size-full is-resized has-custom-border\"><img loading=\"lazy\" decoding=\"async\" width=\"1020\" height=\"1016\" src=\"https:\/\/www.elvismyhappiness.com\/wp\/wp-content\/uploads\/2026\/03\/Capture-decran-2026-03-03-a-17.53.23.png\" alt=\"\" class=\"wp-image-643\" style=\"border-radius:0px;aspect-ratio:1.00394872072267;width:269px;height:auto\" srcset=\"https:\/\/www.elvismyhappiness.com\/wp\/wp-content\/uploads\/2026\/03\/Capture-decran-2026-03-03-a-17.53.23.png 1020w, https:\/\/www.elvismyhappiness.com\/wp\/wp-content\/uploads\/2026\/03\/Capture-decran-2026-03-03-a-17.53.23-300x300.png 300w, https:\/\/www.elvismyhappiness.com\/wp\/wp-content\/uploads\/2026\/03\/Capture-decran-2026-03-03-a-17.53.23-150x150.png 150w, https:\/\/www.elvismyhappiness.com\/wp\/wp-content\/uploads\/2026\/03\/Capture-decran-2026-03-03-a-17.53.23-768x765.png 768w\" sizes=\"auto, (max-width: 1020px) 100vw, 1020px\" \/><\/figure>\n<\/div>\n<\/div>\n<\/div>\n\n\n\n<iframe loading=\"lazy\" src=\"https:\/\/open.spotify.com\/embed\/album\/0aErTlK9VurHpgFTdA0T8V\"\n        width=\"100%\"\n        height=\"380\"\n        frameborder=\"0\"\n        allow=\"autoplay; clipboard-write; encrypted-media; fullscreen; picture-in-picture\">\n<\/iframe>\n","protected":false},"excerpt":{"rendered":"<p>Date de sortie : 17 Novembre 1999 Peace in the Valley \u2013 The Complete Gospel Recordings\u201d rassemble les plus grands enregistrements gospel d\u2019Elvis Presley et met en lumi\u00e8re l\u2019importance de la musique spirituelle dans sa carri\u00e8re. Profond\u00e9ment influenc\u00e9 par le gospel depuis son enfance, Elvis y livre des interpr\u00e9tations sinc\u00e8res et \u00e9mouvantes qui r\u00e9v\u00e8lent toute [&hellip;]<\/p>\n","protected":false},"author":1,"featured_media":0,"parent":639,"menu_order":0,"comment_status":"closed","ping_status":"closed","template":"","meta":{"_bbp_topic_count":0,"_bbp_reply_count":0,"_bbp_total_topic_count":0,"_bbp_total_reply_count":0,"_bbp_voice_count":0,"_bbp_anonymous_reply_count":0,"_bbp_topic_count_hidden":0,"_bbp_reply_count_hidden":0,"_bbp_forum_subforum_count":0,"footnotes":""},"class_list":["post-746","page","type-page","status-publish","hentry"],"_links":{"self":[{"href":"https:\/\/www.elvismyhappiness.com\/wp\/index.php?rest_route=\/wp\/v2\/pages\/746","targetHints":{"allow":["GET"]}}],"collection":[{"href":"https:\/\/www.elvismyhappiness.com\/wp\/index.php?rest_route=\/wp\/v2\/pages"}],"about":[{"href":"https:\/\/www.elvismyhappiness.com\/wp\/index.php?rest_route=\/wp\/v2\/types\/page"}],"author":[{"embeddable":true,"href":"https:\/\/www.elvismyhappiness.com\/wp\/index.php?rest_route=\/wp\/v2\/users\/1"}],"replies":[{"embeddable":true,"href":"https:\/\/www.elvismyhappiness.com\/wp\/index.php?rest_route=%2Fwp%2Fv2%2Fcomments&post=746"}],"version-history":[{"count":4,"href":"https:\/\/www.elvismyhappiness.com\/wp\/index.php?rest_route=\/wp\/v2\/pages\/746\/revisions"}],"predecessor-version":[{"id":750,"href":"https:\/\/www.elvismyhappiness.com\/wp\/index.php?rest_route=\/wp\/v2\/pages\/746\/revisions\/750"}],"up":[{"embeddable":true,"href":"https:\/\/www.elvismyhappiness.com\/wp\/index.php?rest_route=\/wp\/v2\/pages\/639"}],"wp:attachment":[{"href":"https:\/\/www.elvismyhappiness.com\/wp\/index.php?rest_route=%2Fwp%2Fv2%2Fmedia&parent=746"}],"curies":[{"name":"wp","href":"https:\/\/api.w.org\/{rel}","templated":true}]}}