{"id":758,"date":"2026-03-05T12:24:52","date_gmt":"2026-03-05T12:24:52","guid":{"rendered":"https:\/\/www.elvismyhappiness.com\/wp\/?page_id=758"},"modified":"2026-03-05T12:24:52","modified_gmt":"2026-03-05T12:24:52","slug":"voyage-50%e1%b5%89-anniversaire-elvis-aout-2027","status":"publish","type":"page","link":"https:\/\/www.elvismyhappiness.com\/wp\/?page_id=758","title":{"rendered":"Voyage 50\u1d49 anniversaire Elvis \u2013 Ao\u00fbt 2027"},"content":{"rendered":"\n<p>En 2027, le monde entier comm\u00e9morera le <strong>50\u1d49 anniversaire de la disparition d\u2019Elvis Presley<\/strong>. \u00c0 cette occasion exceptionnelle, nous vous proposons un voyage hommage unique afin de c\u00e9l\u00e9brer la m\u00e9moire du King sur les lieux embl\u00e9matiques de sa vie et de sa carri\u00e8re.<\/p>\n\n\n\n<div class=\"wp-block-media-text is-stacked-on-mobile\" style=\"grid-template-columns:38% auto\"><figure class=\"wp-block-media-text__media\"><img loading=\"lazy\" decoding=\"async\" width=\"360\" height=\"468\" src=\"https:\/\/www.elvismyhappiness.com\/wp\/wp-content\/uploads\/2026\/03\/nashville.jpg\" alt=\"\" class=\"wp-image-759 size-full\" srcset=\"https:\/\/www.elvismyhappiness.com\/wp\/wp-content\/uploads\/2026\/03\/nashville.jpg 360w, https:\/\/www.elvismyhappiness.com\/wp\/wp-content\/uploads\/2026\/03\/nashville-231x300.jpg 231w\" sizes=\"auto, (max-width: 360px) 100vw, 360px\" \/><\/figure><div class=\"wp-block-media-text__content\">\n<p>Comme nous l\u2019avons fait pour <strong>La Boutique<\/strong>, l\u2019organisation de nos voyages est d\u00e9sormais confi\u00e9e \u00e0 notre partenaire :<\/p>\n\n\n\n<p><strong>Voyages Laurent<\/strong><br>28 rue Georges Sorel<br>92100 Boulogne-Billancourt<br>\ud83d\udcde 01 46 03 62 80<br>\u2709\ufe0f <a>info@voyages-laurent.com<\/a><\/p>\n\n\n\n<p>Pour toute demande d\u2019information :<br><strong>Christelle Hamelin \u2013 Responsable d\u2019agence et Elvis My Happiness<\/strong><br>\u2709\ufe0f <a>elvismh@aol.com<\/a><br>\u2709\ufe0f <a>elvismh1992@gmail.com<\/a><\/p>\n\n\n\n<p>Que ce soit pour un <strong>voyage en groupe ou individuel<\/strong>, merci de mettre en copie l\u2019association <strong>Elvis My Happiness<\/strong>, aupr\u00e8s de laquelle vous devez \u00eatre <strong>\u00e0 jour de votre adh\u00e9sion<\/strong>.<\/p>\n\n\n\n<p>Nous lan\u00e7ons d\u00e8s \u00e0 pr\u00e9sent les voyages <strong>Destination Graceland 2026 et 2027<\/strong> pour cet \u00e9v\u00e9nement mondial hors du commun. Nous esp\u00e9rons vous voir nombreux afin de rendre hommage ensemble au King et montrer que <strong>la France n\u2019a jamais oubli\u00e9 Elvis<\/strong>.<\/p>\n\n\n\n<p>Comme lors de nos pr\u00e9c\u00e9dents voyages, <strong>l\u2019accompagnement sera assur\u00e9 par des membres de l\u2019association<\/strong>.<\/p>\n<\/div><\/div>\n\n\n\n<div class=\"wp-block-media-text has-media-on-the-right is-stacked-on-mobile\" style=\"grid-template-columns:auto 42%\"><div class=\"wp-block-media-text__content\">\n<h2 class=\"wp-block-heading has-text-align-center\">Memphis \u2013 Ao\u00fbt 2027<\/h2>\n\n\n\n<h3 class=\"wp-block-heading\">Nashville \u2022 Tupelo \u2022 Memphis \u2022 Las Vegas<\/h3>\n\n\n\n<p>Pour cet \u00e9v\u00e9nement plan\u00e9taire, nous vous proposons un <strong>voyage de 12 jours (10 nuits sur place)<\/strong> enti\u00e8rement d\u00e9di\u00e9 au King.<\/p>\n\n\n\n<p>Ce p\u00e9riple exceptionnel vous fera d\u00e9couvrir les lieux les plus embl\u00e9matiques li\u00e9s \u00e0 Elvis :<\/p>\n\n\n\n<ul class=\"wp-block-list\">\n<li class=\"has-mono-2-color has-text-color has-link-color has-superbfont-xsmall-font-size wp-elements-95f81d9dd9eba721e05884b9bc1ea440\"><strong>Nashville<\/strong> : visite du <strong>Country Music Hall of Fame and Museum<\/strong> et du l\u00e9gendaire <strong>RCA Studio B<\/strong><\/li>\n\n\n\n<li class=\"has-mono-2-color has-text-color has-link-color has-superbfont-xsmall-font-size wp-elements-112c5f976d6424ce41b0ac4e505525e2\"><strong>Tupelo<\/strong> : la ville natale d\u2019Elvis<\/li>\n\n\n\n<li class=\"has-mono-2-color has-text-color has-link-color has-superbfont-xsmall-font-size wp-elements-1498d7ef116a7ddbad3180079c41f982\"><strong>Memphis<\/strong> : <strong>Beale Street<\/strong>, <strong>Graceland<\/strong>, <strong>Sun Studio<\/strong>, participation \u00e0 la <strong>Candlelight Vigil<\/strong> et concert hommage<\/li>\n\n\n\n<li class=\"has-mono-2-color has-text-color has-link-color has-superbfont-xsmall-font-size wp-elements-e11e48ec25d5f0fb5810983bb4cb0911\"><strong>Las Vegas<\/strong> : <strong>Westgate Las Vegas Resort &amp; Casino<\/strong>, <strong>Graceland Wedding Chapel<\/strong>, excursion \u00e0 <strong>Valley of Fire State Park<\/strong> et spectacle \u00e0 Las Vegas<\/li>\n<\/ul>\n<\/div><figure class=\"wp-block-media-text__media\"><img loading=\"lazy\" decoding=\"async\" width=\"1024\" height=\"579\" src=\"https:\/\/www.elvismyhappiness.com\/wp\/wp-content\/uploads\/2026\/02\/graceland-1024x579.jpg\" alt=\"\" class=\"wp-image-32 size-full\" srcset=\"https:\/\/www.elvismyhappiness.com\/wp\/wp-content\/uploads\/2026\/02\/graceland-1024x579.jpg 1024w, https:\/\/www.elvismyhappiness.com\/wp\/wp-content\/uploads\/2026\/02\/graceland-300x170.jpg 300w, https:\/\/www.elvismyhappiness.com\/wp\/wp-content\/uploads\/2026\/02\/graceland-768x434.jpg 768w, https:\/\/www.elvismyhappiness.com\/wp\/wp-content\/uploads\/2026\/02\/graceland-1536x868.jpg 1536w, https:\/\/www.elvismyhappiness.com\/wp\/wp-content\/uploads\/2026\/02\/graceland-2048x1158.jpg 2048w\" sizes=\"auto, (max-width: 1024px) 100vw, 1024px\" \/><\/figure><\/div>\n\n\n\n<p>\u00c0 ce jour, il ne nous est pas possible de communiquer un prix d\u00e9finitif, notamment en raison des variations du dollar et des confirmations \u00e0 venir concernant les vols et les h\u00f4tels.<br>Toutefois, <strong>une premi\u00e8re estimation situe le prix du voyage entre 4 800 \u20ac et 5 000 \u20ac<\/strong>.<\/p>\n\n\n\n<figure class=\"wp-block-gallery has-nested-images columns-default is-cropped wp-block-gallery-1 is-layout-flex wp-block-gallery-is-layout-flex\">\n<figure class=\"wp-block-image size-large\"><img loading=\"lazy\" decoding=\"async\" width=\"1024\" height=\"683\" data-id=\"769\" src=\"https:\/\/www.elvismyhappiness.com\/wp\/wp-content\/uploads\/2026\/03\/inscription--1024x683.png\" alt=\"\" class=\"wp-image-769\" srcset=\"https:\/\/www.elvismyhappiness.com\/wp\/wp-content\/uploads\/2026\/03\/inscription--1024x683.png 1024w, https:\/\/www.elvismyhappiness.com\/wp\/wp-content\/uploads\/2026\/03\/inscription--300x200.png 300w, https:\/\/www.elvismyhappiness.com\/wp\/wp-content\/uploads\/2026\/03\/inscription--768x512.png 768w, https:\/\/www.elvismyhappiness.com\/wp\/wp-content\/uploads\/2026\/03\/inscription-.png 1536w\" sizes=\"auto, (max-width: 1024px) 100vw, 1024px\" \/><\/figure>\n<\/figure>\n\n\n\n<div class=\"wp-block-group alignfull has-mono-4-background-color has-background has-global-padding is-layout-constrained wp-container-core-group-is-layout-7e874eaa wp-block-group-is-layout-constrained\" style=\"padding-top:var(--wp--preset--spacing--superbspacing-large);padding-right:var(--wp--preset--spacing--superbspacing-small);padding-bottom:var(--wp--preset--spacing--superbspacing-large);padding-left:var(--wp--preset--spacing--superbspacing-small)\">\n<div class=\"wp-block-columns alignwide is-layout-flex wp-container-core-columns-is-layout-a001aa69 wp-block-columns-is-layout-flex\" style=\"margin-top:0;margin-bottom:0\">\n<div class=\"wp-block-column is-vertically-aligned-center is-layout-flow wp-container-core-column-is-layout-db2cb278 wp-block-column-is-layout-flow\">\n<h2 class=\"wp-block-heading has-text-align-left has-superbfont-large-font-size\" style=\"margin-bottom:var(--wp--preset--spacing--superbspacing-xsmall)\">R\u00e9servation<\/h2>\n\n\n\n<p class=\"has-text-align-left has-secondary-color has-text-color has-superbfont-small-font-size\"><strong>R\u00e9servez sans attendre<\/strong> avec un <strong>premier acompte de 200 \u20ac<\/strong>.<\/p>\n\n\n\n<p>Nous recommandons aux participants poss\u00e9dant <strong>une carte bancaire Gold<\/strong> de l\u2019utiliser afin de b\u00e9n\u00e9ficier de la couverture d\u2019assurance associ\u00e9e.<\/p>\n\n\n\n<p class=\"has-text-align-left has-secondary-color has-text-color has-superbfont-small-font-size\">Pour les autres participants, les <strong>ch\u00e8ques \u00e0 l\u2019ordre de Voyages Laurent<\/strong> sont accept\u00e9s.<\/p>\n<\/div>\n<\/div>\n<\/div>\n\n\n\n<p><\/p>\n","protected":false},"excerpt":{"rendered":"<p>En 2027, le monde entier comm\u00e9morera le 50\u1d49 anniversaire de la disparition d\u2019Elvis Presley. \u00c0 cette occasion exceptionnelle, nous vous proposons un voyage hommage unique afin de c\u00e9l\u00e9brer la m\u00e9moire du King sur les lieux embl\u00e9matiques de sa vie et de sa carri\u00e8re. Comme nous l\u2019avons fait pour La Boutique, l\u2019organisation de nos voyages est [&hellip;]<\/p>\n","protected":false},"author":1,"featured_media":0,"parent":629,"menu_order":0,"comment_status":"closed","ping_status":"closed","template":"","meta":{"_bbp_topic_count":0,"_bbp_reply_count":0,"_bbp_total_topic_count":0,"_bbp_total_reply_count":0,"_bbp_voice_count":0,"_bbp_anonymous_reply_count":0,"_bbp_topic_count_hidden":0,"_bbp_reply_count_hidden":0,"_bbp_forum_subforum_count":0,"footnotes":""},"class_list":["post-758","page","type-page","status-publish","hentry"],"_links":{"self":[{"href":"https:\/\/www.elvismyhappiness.com\/wp\/index.php?rest_route=\/wp\/v2\/pages\/758","targetHints":{"allow":["GET"]}}],"collection":[{"href":"https:\/\/www.elvismyhappiness.com\/wp\/index.php?rest_route=\/wp\/v2\/pages"}],"about":[{"href":"https:\/\/www.elvismyhappiness.com\/wp\/index.php?rest_route=\/wp\/v2\/types\/page"}],"author":[{"embeddable":true,"href":"https:\/\/www.elvismyhappiness.com\/wp\/index.php?rest_route=\/wp\/v2\/users\/1"}],"replies":[{"embeddable":true,"href":"https:\/\/www.elvismyhappiness.com\/wp\/index.php?rest_route=%2Fwp%2Fv2%2Fcomments&post=758"}],"version-history":[{"count":11,"href":"https:\/\/www.elvismyhappiness.com\/wp\/index.php?rest_route=\/wp\/v2\/pages\/758\/revisions"}],"predecessor-version":[{"id":771,"href":"https:\/\/www.elvismyhappiness.com\/wp\/index.php?rest_route=\/wp\/v2\/pages\/758\/revisions\/771"}],"up":[{"embeddable":true,"href":"https:\/\/www.elvismyhappiness.com\/wp\/index.php?rest_route=\/wp\/v2\/pages\/629"}],"wp:attachment":[{"href":"https:\/\/www.elvismyhappiness.com\/wp\/index.php?rest_route=%2Fwp%2Fv2%2Fmedia&parent=758"}],"curies":[{"name":"wp","href":"https:\/\/api.w.org\/{rel}","templated":true}]}}