{"id":774,"date":"2026-03-17T12:26:38","date_gmt":"2026-03-17T12:26:38","guid":{"rendered":"https:\/\/www.elvismyhappiness.com\/wp\/?page_id=774"},"modified":"2026-04-25T10:23:39","modified_gmt":"2026-04-25T10:23:39","slug":"cositation-a-elvis-my-happiness","status":"publish","type":"page","link":"https:\/\/www.elvismyhappiness.com\/wp\/?page_id=774","title":{"rendered":"Cotisation \u00e0 Elvis My Happiness"},"content":{"rendered":"\n<div class=\"wp-block-group alignfull has-mono-2-color has-mono-4-background-color has-text-color has-background has-link-color wp-elements-837729a5dad847a6738f883d57d56a3c has-global-padding is-layout-constrained wp-container-core-group-is-layout-7e874eaa wp-block-group-is-layout-constrained\" style=\"padding-top:var(--wp--preset--spacing--superbspacing-large);padding-right:var(--wp--preset--spacing--superbspacing-small);padding-bottom:var(--wp--preset--spacing--superbspacing-large);padding-left:var(--wp--preset--spacing--superbspacing-small)\">\n<div class=\"wp-block-columns alignwide is-layout-flex wp-container-core-columns-is-layout-a001aa69 wp-block-columns-is-layout-flex\" style=\"margin-top:0;margin-bottom:0\">\n<div class=\"wp-block-column is-vertically-aligned-center is-layout-flow wp-container-core-column-is-layout-db2cb278 wp-block-column-is-layout-flow\">\n<h2 class=\"wp-block-heading has-text-align-left has-superbfont-large-font-size\" style=\"margin-bottom:var(--wp--preset--spacing--superbspacing-xsmall)\">Objectif 2027 : soutenir l\u2019image d\u2019Elvis en France<\/h2>\n\n\n\n<p class=\"has-text-align-left has-secondary-color has-text-color has-superbfont-small-font-size\">Dans l\u2019\u00e9ditorial de notre dernier num\u00e9ro, nous \u00e9voquions la possibilit\u00e9 de mettre en place une cotisation afin de permettre \u00e0 notre association de continuer \u00e0 faire face aux nombreuses d\u00e9penses de fonctionnement dont le co\u00fbt ne cesse d\u2019augmenter.<\/p>\n\n\n\n<p class=\"has-text-align-left has-secondary-color has-text-color has-superbfont-small-font-size\">Notre principal souhait est bien s\u00fbr de <strong>conserver le plus longtemps possible le lien qui nous unit tous autour d\u2019Elvis<\/strong>. Cet engagement est d\u2019autant plus important que se profile \u00e0 l\u2019horizon <strong>2027, qui marquera le 50\u1d49 anniversaire de la disparition d\u2019Elvis<\/strong>.<\/p>\n\n\n\n<p class=\"has-text-align-left has-secondary-color has-text-color has-superbfont-small-font-size\">\u00c0 cette occasion, notre pr\u00e9sence sera essentielle. Nous restons en effet <strong>la seule force repr\u00e9sentative du King en France<\/strong>, face notamment aux m\u00e9dias qui chercheront \u00e0 s\u2019approprier cet \u00e9v\u00e9nement majeur.<\/p>\n<\/div>\n\n\n\n<div class=\"wp-block-column is-vertically-aligned-center is-layout-flow wp-container-core-column-is-layout-40a2a7e8 wp-block-column-is-layout-flow\" style=\"padding-right:0;padding-bottom:0;padding-left:0\">\n<figure class=\"wp-block-image size-full has-custom-border\"><img loading=\"lazy\" decoding=\"async\" width=\"640\" height=\"640\" src=\"https:\/\/www.elvismyhappiness.com\/wp\/wp-content\/uploads\/2026\/03\/elvis.jpeg\" alt=\"\" class=\"wp-image-775\" style=\"border-radius:0px\" srcset=\"https:\/\/www.elvismyhappiness.com\/wp\/wp-content\/uploads\/2026\/03\/elvis.jpeg 640w, https:\/\/www.elvismyhappiness.com\/wp\/wp-content\/uploads\/2026\/03\/elvis-300x300.jpeg 300w, https:\/\/www.elvismyhappiness.com\/wp\/wp-content\/uploads\/2026\/03\/elvis-150x150.jpeg 150w\" sizes=\"auto, (max-width: 640px) 100vw, 640px\" \/><\/figure>\n<\/div>\n<\/div>\n<\/div>\n\n\n\n<div class=\"wp-block-group alignfull has-mono-2-color has-mono-4-background-color has-text-color has-background has-link-color wp-elements-36efb27088139e4ccb4f6ed76c96115d has-global-padding is-layout-constrained wp-container-core-group-is-layout-7e874eaa wp-block-group-is-layout-constrained\" style=\"padding-top:var(--wp--preset--spacing--superbspacing-large);padding-right:var(--wp--preset--spacing--superbspacing-small);padding-bottom:var(--wp--preset--spacing--superbspacing-large);padding-left:var(--wp--preset--spacing--superbspacing-small)\">\n<h2 class=\"wp-block-heading\">Une association ind\u00e9pendante depuis pr\u00e8s de 35 ans<\/h2>\n\n\n\n<p><\/p>\n\n\n\n<p class=\"has-text-align-left has-secondary-color has-text-color has-superbfont-small-font-size\">La vitalit\u00e9 d\u2019Elvis My Happiness a toujours repos\u00e9 sur <strong>son ind\u00e9pendance et sa libert\u00e9 de parole<\/strong>.<br>Nous avons toujours privil\u00e9gi\u00e9 des partenariats choisis, \u00e0 l\u2019image des relations de confiance que nous entretenons depuis de nombreuses ann\u00e9es avec Sony.<\/p>\n\n\n\n<p class=\"has-text-align-left has-secondary-color has-text-color has-superbfont-small-font-size\"><\/p>\n\n\n\n<p class=\"has-superbfont-small-font-size\">Notre objectif est de <strong>poursuivre dans cette m\u00eame ligne<\/strong>, en continuant \u00e0 faire vivre la m\u00e9moire d\u2019Elvis aupr\u00e8s des fans.<\/p>\n\n\n\n<p><\/p>\n\n\n\n<p class=\"has-superbfont-small-font-size\">Depuis l\u2019arr\u00eat de la revue, vous avez pu constater l\u2019\u00e9volution de nos supports :<\/p>\n\n\n\n<ul class=\"wp-block-list\">\n<li class=\"has-superbfont-small-font-size\">Notre site <strong><a href=\"http:\/\/www.elvismyhappiness.com\">www.elvismyhappiness.com<\/a><\/strong>, avec des informations r\u00e9guli\u00e8res et souvent exclusives<\/li>\n\n\n\n<li class=\"has-superbfont-small-font-size\">Notre pr\u00e9sence sur <strong>Instagram, TikTok et Facebook<\/strong><\/li>\n\n\n\n<li class=\"has-superbfont-small-font-size\">La <strong>boutique<\/strong>, dont vous continuez \u00e0 recevoir le catalogue trimestriel<\/li>\n\n\n\n<li class=\"has-superbfont-small-font-size\">Nos <strong>newsletters<\/strong>, qui vous tiennent inform\u00e9s des nouveaux produits <\/li>\n<\/ul>\n\n\n\n<p><\/p>\n\n\n\n<p class=\"has-text-align-left has-secondary-color has-text-color has-superbfont-small-font-size\">Nous sommes d\u00e9termin\u00e9s \u00e0 <strong>d\u00e9velopper encore davantage ces outils<\/strong> afin de rester au plus proche de vous.<\/p>\n\n\n\n<p class=\"has-text-align-left has-secondary-color has-text-color has-superbfont-small-font-size\"><\/p>\n<\/div>\n\n\n\n<div class=\"wp-block-group alignfull has-mono-4-background-color has-background has-global-padding is-layout-constrained wp-container-core-group-is-layout-7e874eaa wp-block-group-is-layout-constrained\" style=\"padding-top:var(--wp--preset--spacing--superbspacing-large);padding-right:var(--wp--preset--spacing--superbspacing-small);padding-bottom:var(--wp--preset--spacing--superbspacing-large);padding-left:var(--wp--preset--spacing--superbspacing-small)\">\n<h2 class=\"wp-block-heading\">Pourquoi une cotisation ?<\/h2>\n\n\n\n<p><\/p>\n\n\n\n<div class=\"wp-block-columns alignwide is-layout-flex wp-container-core-columns-is-layout-a001aa69 wp-block-columns-is-layout-flex\" style=\"margin-top:0;margin-bottom:0\">\n<div class=\"wp-block-column is-vertically-aligned-center is-layout-flow wp-container-core-column-is-layout-40a2a7e8 wp-block-column-is-layout-flow\" style=\"padding-right:0;padding-bottom:0;padding-left:0\">\n<figure class=\"wp-block-image size-full has-custom-border\"><img loading=\"lazy\" decoding=\"async\" width=\"783\" height=\"700\" src=\"https:\/\/www.elvismyhappiness.com\/wp\/wp-content\/uploads\/2026\/04\/EPiC-Elvis-in-Concert-rehearsal-paisley-shirt-.jpg\" alt=\"\" class=\"wp-image-2221\" style=\"border-radius:0px\" srcset=\"https:\/\/www.elvismyhappiness.com\/wp\/wp-content\/uploads\/2026\/04\/EPiC-Elvis-in-Concert-rehearsal-paisley-shirt-.jpg 783w, https:\/\/www.elvismyhappiness.com\/wp\/wp-content\/uploads\/2026\/04\/EPiC-Elvis-in-Concert-rehearsal-paisley-shirt--300x268.jpg 300w, https:\/\/www.elvismyhappiness.com\/wp\/wp-content\/uploads\/2026\/04\/EPiC-Elvis-in-Concert-rehearsal-paisley-shirt--768x687.jpg 768w\" sizes=\"auto, (max-width: 783px) 100vw, 783px\" \/><\/figure>\n<\/div>\n\n\n\n<div class=\"wp-block-column is-vertically-aligned-center is-layout-flow wp-container-core-column-is-layout-db2cb278 wp-block-column-is-layout-flow\">\n<p class=\"has-superbfont-small-font-size\">Tout cela repr\u00e9sente \u00e9videmment <strong>un co\u00fbt important<\/strong>.<\/p>\n\n\n\n<p class=\"has-superbfont-small-font-size\">Beaucoup d\u2019entre vous en ont d\u00e9j\u00e0 conscience. Suite \u00e0 l\u2019arr\u00eat de la revue, vos nombreux t\u00e9moignages nous ont profond\u00e9ment touch\u00e9s et nous ont montr\u00e9 votre volont\u00e9 de soutenir l\u2019association.<\/p>\n\n\n\n<p class=\"has-superbfont-small-font-size\">C\u2019est dans cet esprit que nous vous proposons aujourd\u2019hui <strong>la mise en place d\u2019une cotisation annuelle<\/strong>, comme cela se pratique dans toute association \u00e0 but non lucratif.<\/p>\n\n\n\n<h3 class=\"wp-block-heading\">Montant de la cotisation<\/h3>\n\n\n\n<p class=\"has-text-align-left has-secondary-color has-text-color has-superbfont-small-font-size\">La cotisation annuelle est fix\u00e9e \u00e0 : <strong>40 \u20ac par an<\/strong><\/p>\n\n\n\n<p class=\"has-superbfont-small-font-size\">Elle permet :<\/p>\n\n\n\n<ul class=\"wp-block-list\">\n<li class=\"has-mono-2-color has-text-color has-link-color has-superbfont-small-font-size wp-elements-04f50ecda898a5eb2a231e4f621fdfad\">de soutenir les actions de l\u2019association<\/li>\n\n\n\n<li class=\"has-mono-2-color has-text-color has-link-color has-superbfont-small-font-size wp-elements-3f8d9718f7599b17f8315bac8b12c68d\">d\u2019acc\u00e9der \u00e0 nos <strong>soir\u00e9es et manifestations<\/strong> r\u00e9serv\u00e9es aux adh\u00e9rents<\/li>\n\n\n\n<li class=\"has-mono-2-color has-text-color has-link-color has-superbfont-small-font-size wp-elements-d875b368c72084e56144029f45d4ece7\">de participer aux projets et \u00e9v\u00e9nements organis\u00e9s autour d\u2019Elvis<\/li>\n<\/ul>\n<\/div>\n<\/div>\n<\/div>\n\n\n\n<div class=\"wp-block-group alignfull has-mono-2-color has-mono-4-background-color has-text-color has-background has-link-color wp-elements-2a00cbd77be21d37cfbdb6525ee7094d has-global-padding is-layout-constrained wp-container-core-group-is-layout-7e874eaa wp-block-group-is-layout-constrained\" style=\"padding-top:var(--wp--preset--spacing--superbspacing-large);padding-right:var(--wp--preset--spacing--superbspacing-small);padding-bottom:var(--wp--preset--spacing--superbspacing-large);padding-left:var(--wp--preset--spacing--superbspacing-small)\">\n<div class=\"wp-block-columns alignwide is-layout-flex wp-container-core-columns-is-layout-a001aa69 wp-block-columns-is-layout-flex\" style=\"margin-top:0;margin-bottom:0\">\n<div class=\"wp-block-column is-vertically-aligned-center is-layout-flow wp-container-core-column-is-layout-db2cb278 wp-block-column-is-layout-flow\">\n<h2 class=\"wp-block-heading has-text-align-left has-superbfont-large-font-size\" style=\"margin-bottom:var(--wp--preset--spacing--superbspacing-xsmall)\">Un cadeau exclusif pour les adh\u00e9rents<br><\/h2>\n\n\n\n<p class=\"has-text-align-left has-secondary-color has-text-color has-superbfont-small-font-size\">Les membres recevront un <strong>CD totalement in\u00e9dit<\/strong> :<\/p>\n\n\n\n<p class=\"has-superbfont-small-font-size\"><strong>Elvis \u2013 Tempe, 23 mars 1977<\/strong><br>Concert jamais \u00e9dit\u00e9 en CD.<\/p>\n\n\n\n<p class=\"has-superbfont-small-font-size\">Ce concert, capt\u00e9 par un fan, a longtemps circul\u00e9 uniquement sous forme d\u2019enregistrement confidentiel. Il renferme pourtant <strong>des interpr\u00e9tations exceptionnelles<\/strong>.<\/p>\n\n\n\n<p><\/p>\n\n\n\n<p class=\"has-superbfont-small-font-size\">Parmi les moments forts :<\/p>\n\n\n\n<ul class=\"wp-block-list\">\n<li class=\"has-superbfont-small-font-size\">My Way<\/li>\n\n\n\n<li class=\"has-superbfont-small-font-size\">You Gave Me A Mountain<\/li>\n\n\n\n<li class=\"has-superbfont-small-font-size\">How Great Thou Art<\/li>\n\n\n\n<li class=\"has-superbfont-small-font-size\">Hurt<\/li>\n\n\n\n<li class=\"has-superbfont-small-font-size\">Little Sister<\/li>\n<\/ul>\n<\/div>\n\n\n\n<div class=\"wp-block-column is-vertically-aligned-center is-layout-flow wp-container-core-column-is-layout-40a2a7e8 wp-block-column-is-layout-flow\" style=\"padding-right:0;padding-bottom:0;padding-left:0\">\n<figure class=\"wp-block-image size-full has-custom-border\"><img loading=\"lazy\" decoding=\"async\" width=\"709\" height=\"709\" src=\"https:\/\/www.elvismyhappiness.com\/wp\/wp-content\/uploads\/2026\/03\/1770896531097blob.jpg\" alt=\"\" class=\"wp-image-776\" style=\"border-radius:0px\" srcset=\"https:\/\/www.elvismyhappiness.com\/wp\/wp-content\/uploads\/2026\/03\/1770896531097blob.jpg 709w, https:\/\/www.elvismyhappiness.com\/wp\/wp-content\/uploads\/2026\/03\/1770896531097blob-300x300.jpg 300w, https:\/\/www.elvismyhappiness.com\/wp\/wp-content\/uploads\/2026\/03\/1770896531097blob-150x150.jpg 150w\" sizes=\"auto, (max-width: 709px) 100vw, 709px\" \/><\/figure>\n<\/div>\n<\/div>\n<\/div>\n\n\n\n<h2 class=\"wp-block-heading has-text-align-center\">Votre soutien est essentiel<\/h2>\n\n\n\n<p class=\"has-text-align-center\">Plus que jamais, nous sommes motiv\u00e9s par l\u2019\u00e9lan suscit\u00e9 par le film <em>Elvis<\/em> et par l\u2019int\u00e9r\u00eat renouvel\u00e9 pour l\u2019h\u00e9ritage du King.<\/p>\n\n\n\n<p class=\"has-text-align-center\">Votre soutien nous est indispensable pour <strong>continuer \u00e0 faire vivre l\u2019image d\u2019Elvis en France<\/strong> et pr\u00e9parer ensemble les grands rendez-vous \u00e0 venir.<\/p>\n\n\n\n<p class=\"has-text-align-center\"><strong>Merci \u00e0 tous pour votre confiance.<\/strong><\/p>\n\n\n\n<p class=\"has-text-align-center\">L&rsquo;Equipe Elvis My Happiness<\/p>\n\n\n\n<p><\/p>\n","protected":false},"excerpt":{"rendered":"<p>Objectif 2027 : soutenir l\u2019image d\u2019Elvis en France Dans l\u2019\u00e9ditorial de notre dernier num\u00e9ro, nous \u00e9voquions la possibilit\u00e9 de mettre en place une cotisation afin de permettre \u00e0 notre association de continuer \u00e0 faire face aux nombreuses d\u00e9penses de fonctionnement dont le co\u00fbt ne cesse d\u2019augmenter. Notre principal souhait est bien s\u00fbr de conserver le [&hellip;]<\/p>\n","protected":false},"author":1,"featured_media":0,"parent":0,"menu_order":0,"comment_status":"open","ping_status":"closed","template":"","meta":{"_bbp_topic_count":0,"_bbp_reply_count":0,"_bbp_total_topic_count":0,"_bbp_total_reply_count":0,"_bbp_voice_count":0,"_bbp_anonymous_reply_count":0,"_bbp_topic_count_hidden":0,"_bbp_reply_count_hidden":0,"_bbp_forum_subforum_count":0,"footnotes":""},"class_list":["post-774","page","type-page","status-publish","hentry"],"_links":{"self":[{"href":"https:\/\/www.elvismyhappiness.com\/wp\/index.php?rest_route=\/wp\/v2\/pages\/774","targetHints":{"allow":["GET"]}}],"collection":[{"href":"https:\/\/www.elvismyhappiness.com\/wp\/index.php?rest_route=\/wp\/v2\/pages"}],"about":[{"href":"https:\/\/www.elvismyhappiness.com\/wp\/index.php?rest_route=\/wp\/v2\/types\/page"}],"author":[{"embeddable":true,"href":"https:\/\/www.elvismyhappiness.com\/wp\/index.php?rest_route=\/wp\/v2\/users\/1"}],"replies":[{"embeddable":true,"href":"https:\/\/www.elvismyhappiness.com\/wp\/index.php?rest_route=%2Fwp%2Fv2%2Fcomments&post=774"}],"version-history":[{"count":8,"href":"https:\/\/www.elvismyhappiness.com\/wp\/index.php?rest_route=\/wp\/v2\/pages\/774\/revisions"}],"predecessor-version":[{"id":2224,"href":"https:\/\/www.elvismyhappiness.com\/wp\/index.php?rest_route=\/wp\/v2\/pages\/774\/revisions\/2224"}],"wp:attachment":[{"href":"https:\/\/www.elvismyhappiness.com\/wp\/index.php?rest_route=%2Fwp%2Fv2%2Fmedia&parent=774"}],"curies":[{"name":"wp","href":"https:\/\/api.w.org\/{rel}","templated":true}]}}